{"id":2706,"date":"2024-09-18T21:59:55","date_gmt":"2024-09-18T19:59:55","guid":{"rendered":"https:\/\/www.mulmix.it\/contacts\/"},"modified":"2025-10-31T12:08:34","modified_gmt":"2025-10-31T11:08:34","slug":"contacts","status":"publish","type":"page","link":"https:\/\/www.mulmix.it\/fr\/contacts\/","title":{"rendered":"Contacts"},"content":{"rendered":"\t\t<div data-elementor-type=\"wp-post\" data-elementor-id=\"2706\" class=\"elementor elementor-2706 elementor-1335\" data-elementor-post-type=\"page\">\n\t\t\t\t<div class=\"elementor-element elementor-element-4817f31 e-con-full e-flex e-con e-parent\" data-id=\"4817f31\" data-element_type=\"container\" data-settings=\"{&quot;background_background&quot;:&quot;classic&quot;}\">\n\t\t\t\t<div class=\"elementor-element elementor-element-5cce071 elementor-widget__width-initial elementor-widget elementor-widget-heading\" data-id=\"5cce071\" data-element_type=\"widget\" data-widget_type=\"heading.default\">\n\t\t\t\t<div class=\"elementor-widget-container\">\n\t\t\t<h2 class=\"elementor-heading-title elementor-size-default\">CONTACTS<\/h2>\t\t<\/div>\n\t\t\t\t<\/div>\n\t\t\t\t<\/div>\n\t\t<div class=\"elementor-element elementor-element-245dc0c e-flex e-con-boxed e-con e-parent\" data-id=\"245dc0c\" data-element_type=\"container\">\n\t\t\t\t\t<div class=\"e-con-inner\">\n\t\t<div class=\"elementor-element elementor-element-acff490 e-con-full e-flex e-con e-child\" data-id=\"acff490\" data-element_type=\"container\">\n\t\t\t\t<div class=\"elementor-element elementor-element-3ecab00 elementor-widget elementor-widget-heading\" data-id=\"3ecab00\" data-element_type=\"widget\" data-widget_type=\"heading.default\">\n\t\t\t\t<div class=\"elementor-widget-container\">\n\t\t\t<h2 class=\"elementor-heading-title elementor-size-default\">Nos contacts<\/h2>\t\t<\/div>\n\t\t\t\t<\/div>\n\t\t\t\t<div class=\"elementor-element elementor-element-71c1460 elementor-widget__width-initial elementor-widget elementor-widget-text-editor\" data-id=\"71c1460\" data-element_type=\"widget\" data-widget_type=\"text-editor.default\">\n\t\t\t\t<div class=\"elementor-widget-container\">\n\t\t\t\t\t\t\t<p><strong>MULMIX S.r.l.<\/strong> Unipersonale<\/p><p><strong>Sede legale:<\/strong><br \/>via Palladio, 7<br \/>35010 Campo San Martino (Padova) ITALY<\/p>\t\t\t\t\t\t<\/div>\n\t\t\t\t<\/div>\n\t\t\t\t<div class=\"elementor-element elementor-element-036ce93 elementor-widget__width-initial elementor-widget elementor-widget-text-editor\" data-id=\"036ce93\" data-element_type=\"widget\" data-widget_type=\"text-editor.default\">\n\t\t\t\t<div class=\"elementor-widget-container\">\n\t\t\t\t\t\t\t<p>C.F. P. Iva Reg. Imprese IT 00403760283 PD<br \/>CCIAA PD REA 124758 &#8211; Export PD 003150<br \/>Cap. Soc. \u20ac. 2.000,000,00 i.v. Tribunale PD 9573<br \/>Email <a href=\"mailto:mulmix@mulmix.info\">mulmix@mulmix.info<\/a><br \/>Pec <a href=\"mailto:mulmixspa@legalmail.it\">mulmixspa@legalmail.it<\/a><\/p><p>Tel <a href=\"tel:+390499638211\">+39 049 9638211<\/a> &#8211; Fax <a href=\"tel:+390499630511\">+39 049 9630511<\/a><\/p><p>Nous sommes pr\u00e9sents avec des bureaux et des repr\u00e9sentants directs dans les pays suivants :<br \/>Gr\u00e8ce, R\u00e9publique slovaque, Croatie, Slov\u00e9nie, Albanie, Hongrie, Bulgarie, Russie, Ukraine, Kazakhstan, Iran, Alg\u00e9rie, Libye, \u00c9gypte, Nig\u00e9ria, Cameroun.<\/p>\t\t\t\t\t\t<\/div>\n\t\t\t\t<\/div>\n\t\t\t\t<\/div>\n\t\t<div class=\"elementor-element elementor-element-02d470c e-con-full e-flex e-con e-child\" data-id=\"02d470c\" data-element_type=\"container\">\n\t\t\t\t<div class=\"elementor-element elementor-element-057cf7c elementor-widget elementor-widget-html\" data-id=\"057cf7c\" data-element_type=\"widget\" data-widget_type=\"html.default\">\n\t\t\t\t<div class=\"elementor-widget-container\">\n\t\t\t<iframe src=\"https:\/\/www.google.com\/maps\/embed?pb=!1m18!1m12!1m3!1d1168584.1528463545!2d11.279392680707423!3d45.55497642983527!2m3!1f0!2f0!3f0!3m2!1i1024!2i768!4f13.1!3m3!1m2!1s0x477ed44d62983695%3A0x77ea06ce248a3885!2sMulmix!5e0!3m2!1sit!2sit!4v1745503356952!5m2!1sit!2sit\" width=\"600\" height=\"450\" style=\"border:0;\" allowfullscreen=\"\" loading=\"lazy\" referrerpolicy=\"no-referrer-when-downgrade\"><\/iframe>\t\t<\/div>\n\t\t\t\t<\/div>\n\t\t\t\t<\/div>\n\t\t\t\t\t<\/div>\n\t\t\t\t<\/div>\n\t\t<div class=\"elementor-element elementor-element-951de52 e-con-full e-flex e-con e-parent\" data-id=\"951de52\" data-element_type=\"container\">\n\t\t<div class=\"elementor-element elementor-element-5278ef0 e-con-full e-flex e-con e-child\" data-id=\"5278ef0\" data-element_type=\"container\" data-settings=\"{&quot;background_background&quot;:&quot;classic&quot;}\">\n\t\t<div class=\"elementor-element elementor-element-f71df86 e-flex e-con-boxed e-con e-child\" data-id=\"f71df86\" data-element_type=\"container\">\n\t\t\t\t\t<div class=\"e-con-inner\">\n\t\t\t\t<div class=\"elementor-element elementor-element-487ebe7 elementor-widget__width-initial elementor-widget elementor-widget-text-editor\" data-id=\"487ebe7\" data-element_type=\"widget\" data-widget_type=\"text-editor.default\">\n\t\t\t\t<div class=\"elementor-widget-container\">\n\t\t\t\t\t\t\t<p>Si vous souhaitez plus d&rsquo;informations sur notre production de silos, de machines et d&rsquo;installations, remplissez le formulaire ci-dessous.<\/p>\t\t\t\t\t\t<\/div>\n\t\t\t\t<\/div>\n\t\t\t\t\t<\/div>\n\t\t\t\t<\/div>\n\t\t<div class=\"elementor-element elementor-element-0080a88 e-flex e-con-boxed e-con e-child\" data-id=\"0080a88\" data-element_type=\"container\">\n\t\t\t\t\t<div class=\"e-con-inner\">\n\t\t\t\t<div class=\"elementor-element elementor-element-390e04c elementor-widget elementor-widget-bdt-contact-form-7\" data-id=\"390e04c\" data-element_type=\"widget\" data-widget_type=\"bdt-contact-form-7.default\">\n\t\t\t\t<div class=\"elementor-widget-container\">\n\t\t\t\n<div class=\"wpcf7 no-js\" id=\"wpcf7-f5975-o1\" lang=\"it-IT\" dir=\"ltr\" data-wpcf7-id=\"5975\">\n<div class=\"screen-reader-response\"><p role=\"status\" aria-live=\"polite\" aria-atomic=\"true\"><\/p> <ul><\/ul><\/div>\n<form action=\"\/fr\/wp-json\/wp\/v2\/pages\/2706#wpcf7-f5975-o1\" method=\"post\" class=\"wpcf7-form init\" aria-label=\"Modulo di contatto\" novalidate=\"novalidate\" data-status=\"init\">\n<fieldset class=\"hidden-fields-container\"><input type=\"hidden\" name=\"_wpcf7\" value=\"5975\" \/><input type=\"hidden\" name=\"_wpcf7_version\" value=\"6.1.1\" \/><input type=\"hidden\" name=\"_wpcf7_locale\" value=\"it_IT\" \/><input type=\"hidden\" name=\"_wpcf7_unit_tag\" value=\"wpcf7-f5975-o1\" \/><input type=\"hidden\" name=\"_wpcf7_container_post\" value=\"0\" \/><input type=\"hidden\" name=\"_wpcf7_posted_data_hash\" value=\"\" \/><input type=\"hidden\" name=\"_wpcf7_recaptcha_response\" value=\"\" \/>\n<\/fieldset>\n<div class=\"cf-special\">\n\t<div class=\"row d-flex\">\n\t\t<div class=\"col-md-6\">\n\t\t\t<p><span class=\"wpcf7-form-control-wrap\" data-name=\"your-name\"><input size=\"40\" maxlength=\"400\" class=\"wpcf7-form-control wpcf7-text wpcf7-validates-as-required\" autocomplete=\"name\" aria-required=\"true\" aria-invalid=\"false\" placeholder=\"Nom\" value=\"\" type=\"text\" name=\"your-name\" \/><\/span><br \/>\n<span class=\"wpcf7-form-control-wrap\" data-name=\"your-surname\"><input size=\"40\" maxlength=\"400\" class=\"wpcf7-form-control wpcf7-text wpcf7-validates-as-required\" autocomplete=\"name\" aria-required=\"true\" aria-invalid=\"false\" placeholder=\"Nom de famille\" value=\"\" type=\"text\" name=\"your-surname\" \/><\/span><br \/>\n<span class=\"wpcf7-form-control-wrap\" data-name=\"telefono\"><input size=\"40\" maxlength=\"400\" class=\"wpcf7-form-control wpcf7-tel wpcf7-validates-as-required wpcf7-text wpcf7-validates-as-tel\" aria-required=\"true\" aria-invalid=\"false\" placeholder=\"T\u00e9l\u00e9phone\" value=\"\" type=\"tel\" name=\"telefono\" \/><\/span><br \/>\n<span class=\"wpcf7-form-control-wrap\" data-name=\"your-email\"><input size=\"40\" maxlength=\"400\" class=\"wpcf7-form-control wpcf7-email wpcf7-validates-as-required wpcf7-text wpcf7-validates-as-email\" autocomplete=\"email\" aria-required=\"true\" aria-invalid=\"false\" placeholder=\"Email\" value=\"\" type=\"email\" name=\"your-email\" \/><\/span><br \/>\n<span class=\"wpcf7-form-control-wrap\" data-name=\"Richiesta\"><select class=\"wpcf7-form-control wpcf7-select\" aria-invalid=\"false\" name=\"Richiesta\"><option value=\"Client\">Client<\/option><option value=\"Fournisseur\">Fournisseur<\/option><option value=\"Voulez-vous travailler avec nous\">Voulez-vous travailler avec nous<\/option><\/select><\/span>\n\t\t\t<\/p>\n\t\t<\/div>\n\t\t<div class=\"col-md-6 d-flex\">\n\t\t\t<p><span class=\"wpcf7-form-control-wrap\" data-name=\"your-message\"><textarea cols=\"40\" rows=\"10\" maxlength=\"2000\" class=\"wpcf7-form-control wpcf7-textarea wpcf7-validates-as-required form-control flex-fill\" aria-required=\"true\" aria-invalid=\"false\" placeholder=\"Message\" name=\"your-message\"><\/textarea><\/span>\n\t\t\t<\/p>\n\t\t<\/div>\n\t<\/div>\n\t<div class=\"row\">\n\t\t<div class=\"col-md-12\" style=\"margin-bottom:50px\">\n\t\t\t<p><span class=\"wpcf7-form-control-wrap\" data-name=\"privacy\"><span class=\"wpcf7-form-control wpcf7-acceptance\"><span class=\"wpcf7-list-item\"><label><input type=\"checkbox\" name=\"privacy\" value=\"1\" aria-invalid=\"false\" \/><span class=\"wpcf7-list-item-label\">Je consens au traitement des donn\u00e9es personnelles conform\u00e9ment au r\u00e8glement (UE) 2016\/679. Pour plus de d\u00e9tails, consultez la <a href=\"\/privacy-policy\/\" target=\"_blank\" class=\"linkstandard\">Politique de confidentialit\u00e9<\/a>.<br><br>Tous les champs sont obligatoires<\/span><\/label><\/span><\/span><\/span>\n\t\t\t<\/p>\n\t\t<\/div>\n\t<\/div>\n\t<div class=\"row\">\n\t\t<div class=\"col-md-12 text-end\">\n\t\t\t<p class=\"icon icon-right-arrow\"><input class=\"wpcf7-form-control wpcf7-submit has-spinner\" type=\"submit\" value=\"Envoyer\" \/>\n\t\t\t<\/p>\n\t\t<\/div>\n\t<\/div>\n<\/div><div class=\"wpcf7-response-output\" aria-hidden=\"true\"><\/div>\n<\/form>\n<\/div>\n\t\t<\/div>\n\t\t\t\t<\/div>\n\t\t\t\t\t<\/div>\n\t\t\t\t<\/div>\n\t\t\t\t<\/div>\n\t\t\t\t<\/div>\n\t\t\t\t<\/div>\n\t\t","protected":false},"excerpt":{"rendered":"<p>CONTACTS Nos contacts MULMIX S.r.l. Unipersonale Sede legale:via Palladio, 735010 Campo San Martino (Padova) ITALY C.F. P. Iva Reg. Imprese IT 00403760283 PDCCIAA PD REA 124758 &#8211; Export PD 003150Cap. Soc. \u20ac. 2.000,000,00 i.v. Tribunale PD 9573Email mulmix@mulmix.infoPec mulmixspa@legalmail.it Tel +39 049 9638211 &#8211; Fax +39 049 9630511 Nous sommes pr\u00e9sents avec des bureaux et [&hellip;]<\/p>\n","protected":false},"author":5,"featured_media":0,"parent":0,"menu_order":0,"comment_status":"closed","ping_status":"closed","template":"","meta":{"_acf_changed":false,"pgc_sgb_lightbox_settings":"","footnotes":""},"class_list":["post-2706","page","type-page","status-publish","hentry"],"acf":[],"yoast_head":"<!-- This site is optimized with the Yoast SEO plugin v25.8 - https:\/\/yoast.com\/wordpress\/plugins\/seo\/ -->\n<title>Production de silos et de machines : nos contacts - Mulmix<\/title>\n<meta name=\"description\" content=\"Remplissez le formulaire pour recevoir plus d&#039;informations sur la production de silos, de machines et d&#039;installations de Mulmix.\" \/>\n<meta name=\"robots\" content=\"index, follow, max-snippet:-1, max-image-preview:large, max-video-preview:-1\" \/>\n<link rel=\"canonical\" href=\"https:\/\/www.mulmix.it\/fr\/contacts\/\" \/>\n<meta property=\"og:locale\" content=\"fr_FR\" \/>\n<meta property=\"og:type\" content=\"article\" \/>\n<meta property=\"og:title\" content=\"Production de silos et de machines : nos contacts - Mulmix\" \/>\n<meta property=\"og:description\" content=\"Remplissez le formulaire pour recevoir plus d&#039;informations sur la production de silos, de machines et d&#039;installations de Mulmix.\" \/>\n<meta property=\"og:url\" content=\"https:\/\/www.mulmix.it\/fr\/contacts\/\" \/>\n<meta property=\"og:site_name\" content=\"Mulmix\" \/>\n<meta property=\"article:modified_time\" content=\"2025-10-31T11:08:34+00:00\" \/>\n<meta name=\"twitter:card\" content=\"summary_large_image\" \/>\n<meta name=\"twitter:label1\" content=\"Dur\u00e9e de lecture estim\u00e9e\" \/>\n\t<meta name=\"twitter:data1\" content=\"1 minute\" \/>\n<script type=\"application\/ld+json\" class=\"yoast-schema-graph\">{\"@context\":\"https:\/\/schema.org\",\"@graph\":[{\"@type\":\"WebPage\",\"@id\":\"https:\/\/www.mulmix.it\/fr\/contacts\/\",\"url\":\"https:\/\/www.mulmix.it\/fr\/contacts\/\",\"name\":\"Production de silos et de machines : nos contacts - Mulmix\",\"isPartOf\":{\"@id\":\"https:\/\/www.mulmix.it\/fr\/#website\"},\"datePublished\":\"2024-09-18T19:59:55+00:00\",\"dateModified\":\"2025-10-31T11:08:34+00:00\",\"description\":\"Remplissez le formulaire pour recevoir plus d'informations sur la production de silos, de machines et d'installations de Mulmix.\",\"breadcrumb\":{\"@id\":\"https:\/\/www.mulmix.it\/fr\/contacts\/#breadcrumb\"},\"inLanguage\":\"fr-FR\",\"potentialAction\":[{\"@type\":\"ReadAction\",\"target\":[\"https:\/\/www.mulmix.it\/fr\/contacts\/\"]}]},{\"@type\":\"BreadcrumbList\",\"@id\":\"https:\/\/www.mulmix.it\/fr\/contacts\/#breadcrumb\",\"itemListElement\":[{\"@type\":\"ListItem\",\"position\":1,\"name\":\"Home\",\"item\":\"https:\/\/www.mulmix.it\/fr\/\"},{\"@type\":\"ListItem\",\"position\":2,\"name\":\"Contacts\"}]},{\"@type\":\"WebSite\",\"@id\":\"https:\/\/www.mulmix.it\/fr\/#website\",\"url\":\"https:\/\/www.mulmix.it\/fr\/\",\"name\":\"Mulmix\",\"description\":\"\",\"publisher\":{\"@id\":\"https:\/\/www.mulmix.it\/fr\/#organization\"},\"potentialAction\":[{\"@type\":\"SearchAction\",\"target\":{\"@type\":\"EntryPoint\",\"urlTemplate\":\"https:\/\/www.mulmix.it\/fr\/?s={search_term_string}\"},\"query-input\":{\"@type\":\"PropertyValueSpecification\",\"valueRequired\":true,\"valueName\":\"search_term_string\"}}],\"inLanguage\":\"fr-FR\"},{\"@type\":\"Organization\",\"@id\":\"https:\/\/www.mulmix.it\/fr\/#organization\",\"name\":\"Mulmix\",\"url\":\"https:\/\/www.mulmix.it\/fr\/\",\"logo\":{\"@type\":\"ImageObject\",\"inLanguage\":\"fr-FR\",\"@id\":\"https:\/\/www.mulmix.it\/fr\/#\/schema\/logo\/image\/\",\"url\":\"https:\/\/www.mulmix.it\/wp-content\/uploads\/2024\/07\/Raggruppa-596.svg\",\"contentUrl\":\"https:\/\/www.mulmix.it\/wp-content\/uploads\/2024\/07\/Raggruppa-596.svg\",\"width\":163,\"height\":71,\"caption\":\"Mulmix\"},\"image\":{\"@id\":\"https:\/\/www.mulmix.it\/fr\/#\/schema\/logo\/image\/\"}}]}<\/script>\n<!-- \/ Yoast SEO plugin. -->","yoast_head_json":{"title":"Production de silos et de machines : nos contacts - Mulmix","description":"Remplissez le formulaire pour recevoir plus d'informations sur la production de silos, de machines et d'installations de Mulmix.","robots":{"index":"index","follow":"follow","max-snippet":"max-snippet:-1","max-image-preview":"max-image-preview:large","max-video-preview":"max-video-preview:-1"},"canonical":"https:\/\/www.mulmix.it\/fr\/contacts\/","og_locale":"fr_FR","og_type":"article","og_title":"Production de silos et de machines : nos contacts - Mulmix","og_description":"Remplissez le formulaire pour recevoir plus d'informations sur la production de silos, de machines et d'installations de Mulmix.","og_url":"https:\/\/www.mulmix.it\/fr\/contacts\/","og_site_name":"Mulmix","article_modified_time":"2025-10-31T11:08:34+00:00","twitter_card":"summary_large_image","twitter_misc":{"Dur\u00e9e de lecture estim\u00e9e":"1 minute"},"schema":{"@context":"https:\/\/schema.org","@graph":[{"@type":"WebPage","@id":"https:\/\/www.mulmix.it\/fr\/contacts\/","url":"https:\/\/www.mulmix.it\/fr\/contacts\/","name":"Production de silos et de machines : nos contacts - Mulmix","isPartOf":{"@id":"https:\/\/www.mulmix.it\/fr\/#website"},"datePublished":"2024-09-18T19:59:55+00:00","dateModified":"2025-10-31T11:08:34+00:00","description":"Remplissez le formulaire pour recevoir plus d'informations sur la production de silos, de machines et d'installations de Mulmix.","breadcrumb":{"@id":"https:\/\/www.mulmix.it\/fr\/contacts\/#breadcrumb"},"inLanguage":"fr-FR","potentialAction":[{"@type":"ReadAction","target":["https:\/\/www.mulmix.it\/fr\/contacts\/"]}]},{"@type":"BreadcrumbList","@id":"https:\/\/www.mulmix.it\/fr\/contacts\/#breadcrumb","itemListElement":[{"@type":"ListItem","position":1,"name":"Home","item":"https:\/\/www.mulmix.it\/fr\/"},{"@type":"ListItem","position":2,"name":"Contacts"}]},{"@type":"WebSite","@id":"https:\/\/www.mulmix.it\/fr\/#website","url":"https:\/\/www.mulmix.it\/fr\/","name":"Mulmix","description":"","publisher":{"@id":"https:\/\/www.mulmix.it\/fr\/#organization"},"potentialAction":[{"@type":"SearchAction","target":{"@type":"EntryPoint","urlTemplate":"https:\/\/www.mulmix.it\/fr\/?s={search_term_string}"},"query-input":{"@type":"PropertyValueSpecification","valueRequired":true,"valueName":"search_term_string"}}],"inLanguage":"fr-FR"},{"@type":"Organization","@id":"https:\/\/www.mulmix.it\/fr\/#organization","name":"Mulmix","url":"https:\/\/www.mulmix.it\/fr\/","logo":{"@type":"ImageObject","inLanguage":"fr-FR","@id":"https:\/\/www.mulmix.it\/fr\/#\/schema\/logo\/image\/","url":"https:\/\/www.mulmix.it\/wp-content\/uploads\/2024\/07\/Raggruppa-596.svg","contentUrl":"https:\/\/www.mulmix.it\/wp-content\/uploads\/2024\/07\/Raggruppa-596.svg","width":163,"height":71,"caption":"Mulmix"},"image":{"@id":"https:\/\/www.mulmix.it\/fr\/#\/schema\/logo\/image\/"}}]}},"_links":{"self":[{"href":"https:\/\/www.mulmix.it\/fr\/wp-json\/wp\/v2\/pages\/2706","targetHints":{"allow":["GET"]}}],"collection":[{"href":"https:\/\/www.mulmix.it\/fr\/wp-json\/wp\/v2\/pages"}],"about":[{"href":"https:\/\/www.mulmix.it\/fr\/wp-json\/wp\/v2\/types\/page"}],"author":[{"embeddable":true,"href":"https:\/\/www.mulmix.it\/fr\/wp-json\/wp\/v2\/users\/5"}],"replies":[{"embeddable":true,"href":"https:\/\/www.mulmix.it\/fr\/wp-json\/wp\/v2\/comments?post=2706"}],"version-history":[{"count":16,"href":"https:\/\/www.mulmix.it\/fr\/wp-json\/wp\/v2\/pages\/2706\/revisions"}],"predecessor-version":[{"id":5981,"href":"https:\/\/www.mulmix.it\/fr\/wp-json\/wp\/v2\/pages\/2706\/revisions\/5981"}],"wp:attachment":[{"href":"https:\/\/www.mulmix.it\/fr\/wp-json\/wp\/v2\/media?parent=2706"}],"curies":[{"name":"wp","href":"https:\/\/api.w.org\/{rel}","templated":true}]}}