{"id":2734,"date":"2024-08-24T14:57:21","date_gmt":"2024-08-24T12:57:21","guid":{"rendered":"https:\/\/www.mulmix.it\/azienda\/"},"modified":"2025-11-17T09:32:06","modified_gmt":"2025-11-17T08:32:06","slug":"entreprise","status":"publish","type":"page","link":"https:\/\/www.mulmix.it\/fr\/entreprise\/","title":{"rendered":"Entreprise"},"content":{"rendered":"\t\t<div data-elementor-type=\"wp-post\" data-elementor-id=\"2734\" class=\"elementor elementor-2734 elementor-323\" data-elementor-post-type=\"page\">\n\t\t\t\t<div class=\"elementor-element elementor-element-4817f31 e-con-full e-flex e-con e-parent\" data-id=\"4817f31\" data-element_type=\"container\" data-settings=\"{&quot;background_background&quot;:&quot;classic&quot;}\">\n\t\t\t\t<div class=\"elementor-element elementor-element-5cce071 elementor-widget__width-initial elementor-widget-laptop__width-initial elementor-widget-tablet_extra__width-initial elementor-widget-mobile_extra__width-initial elementor-widget elementor-widget-heading\" data-id=\"5cce071\" data-element_type=\"widget\" data-widget_type=\"heading.default\">\n\t\t\t\t<div class=\"elementor-widget-container\">\n\t\t\t<h2 class=\"elementor-heading-title elementor-size-default\">UNE HISTOIRE QUI COMMENCE AVEC DES SILOS DE STOCKAGE DE C\u00c9R\u00c9ALES<\/h2>\t\t<\/div>\n\t\t\t\t<\/div>\n\t\t\t\t<\/div>\n\t\t<div class=\"elementor-element elementor-element-1b6648c e-flex e-con-boxed e-con e-parent\" data-id=\"1b6648c\" data-element_type=\"container\">\n\t\t\t\t\t<div class=\"e-con-inner\">\n\t\t\t\t<div class=\"elementor-element elementor-element-0c44227 elementor-widget elementor-widget-heading\" data-id=\"0c44227\" data-element_type=\"widget\" data-widget_type=\"heading.default\">\n\t\t\t\t<div class=\"elementor-widget-container\">\n\t\t\t<h2 class=\"elementor-heading-title elementor-size-default\">La naissance<\/h2>\t\t<\/div>\n\t\t\t\t<\/div>\n\t\t\t\t<div class=\"elementor-element elementor-element-9d9377b elementor-widget elementor-widget-heading\" data-id=\"9d9377b\" data-element_type=\"widget\" data-widget_type=\"heading.default\">\n\t\t\t\t<div class=\"elementor-widget-container\">\n\t\t\t<h2 class=\"elementor-heading-title elementor-size-default\">Mulmix a \u00e9t\u00e9 fond\u00e9e en 1962 et a fait ses premiers pas dans la conception et la production de machines pour la manipulation et le nettoyage des grains, de petites usines d'alimentation pour l'usage zootechnique et des silos de stockage de c\u00e9r\u00e9ales.<\/h2>\t\t<\/div>\n\t\t\t\t<\/div>\n\t\t\t\t<div class=\"elementor-element elementor-element-20a0cb6 elementor-widget elementor-widget-heading\" data-id=\"20a0cb6\" data-element_type=\"widget\" data-widget_type=\"heading.default\">\n\t\t\t\t<div class=\"elementor-widget-container\">\n\t\t\t<h2 class=\"elementor-heading-title elementor-size-default\">L'\u00e9volution<\/h2>\t\t<\/div>\n\t\t\t\t<\/div>\n\t\t<div class=\"elementor-element elementor-element-8b667e1 e-con-full e-flex e-con e-child\" data-id=\"8b667e1\" data-element_type=\"container\">\n\t\t\t\t<div class=\"elementor-element elementor-element-46cd310 elementor-widget__width-initial elementor-widget elementor-widget-heading\" data-id=\"46cd310\" data-element_type=\"widget\" data-widget_type=\"heading.default\">\n\t\t\t\t<div class=\"elementor-widget-container\">\n\t\t\t<h2 class=\"elementor-heading-title elementor-size-default\">Une histoire de leadership<br>\ndans le secteur agro-industriel<\/h2>\t\t<\/div>\n\t\t\t\t<\/div>\n\t\t\t\t<div class=\"elementor-element elementor-element-2ba4000 elementor-widget__width-initial elementor-widget elementor-widget-text-editor\" data-id=\"2ba4000\" data-element_type=\"widget\" data-widget_type=\"text-editor.default\">\n\t\t\t\t<div class=\"elementor-widget-container\">\n\t\t\t\t\t\t\t<p>La marque Mulmix s&rsquo;est rapidement impos\u00e9e sur les march\u00e9s nationaux et internationaux, devenant un point de r\u00e9f\u00e9rence pour le secteur. \u00c0 partir de 1975, l&rsquo;entreprise a commenc\u00e9 \u00e0 entreprendre des projets et des installations de plus en plus complexes pour l&rsquo;agro-industrie, se d\u00e9veloppant et se consolidant d&rsquo;abord en Italie, puis dans le monde entier.<\/p>\t\t\t\t\t\t<\/div>\n\t\t\t\t<\/div>\n\t\t\t\t<\/div>\n\t\t\t\t\t<\/div>\n\t\t\t\t<\/div>\n\t\t<div class=\"elementor-element elementor-element-f1feafb e-flex e-con-boxed e-con e-parent\" data-id=\"f1feafb\" data-element_type=\"container\">\n\t\t\t\t\t<div class=\"e-con-inner\">\n\t\t<div class=\"elementor-element elementor-element-01bd497 e-con-full e-flex e-con e-child\" data-id=\"01bd497\" data-element_type=\"container\" data-settings=\"{&quot;background_background&quot;:&quot;classic&quot;}\">\n\t\t\t\t<div class=\"elementor-element elementor-element-61be58a elementor-widget__width-inherit elementor-hidden-mobile_extra elementor-hidden-mobile elementor-widget elementor-widget-image\" data-id=\"61be58a\" data-element_type=\"widget\" data-widget_type=\"image.default\">\n\t\t\t\t<div class=\"elementor-widget-container\">\n\t\t\t\t\t\t\t\t\t\t\t\t\t<img fetchpriority=\"high\" decoding=\"async\" width=\"1637\" height=\"581\" src=\"https:\/\/www.mulmix.it\/wp-content\/uploads\/2024\/09\/azienda-valori.jpg\" class=\"attachment-full size-full wp-image-2737\" alt=\"\" srcset=\"https:\/\/www.mulmix.it\/wp-content\/uploads\/2024\/09\/azienda-valori.jpg 1637w, https:\/\/www.mulmix.it\/wp-content\/uploads\/2024\/09\/azienda-valori-300x106.jpg 300w, https:\/\/www.mulmix.it\/wp-content\/uploads\/2024\/09\/azienda-valori-1024x363.jpg 1024w, https:\/\/www.mulmix.it\/wp-content\/uploads\/2024\/09\/azienda-valori-768x273.jpg 768w, https:\/\/www.mulmix.it\/wp-content\/uploads\/2024\/09\/azienda-valori-1536x545.jpg 1536w\" sizes=\"(max-width: 1637px) 100vw, 1637px\" \/>\t\t\t\t\t\t\t\t\t\t\t\t\t<\/div>\n\t\t\t\t<\/div>\n\t\t\t\t<\/div>\n\t\t\t\t\t<\/div>\n\t\t\t\t<\/div>\n\t\t<div class=\"elementor-element elementor-element-63899e4 e-flex e-con-boxed e-con e-parent\" data-id=\"63899e4\" data-element_type=\"container\">\n\t\t\t\t\t<div class=\"e-con-inner\">\n\t\t\t\t<div class=\"elementor-element elementor-element-88e612d elementor-widget elementor-widget-elementskit-button\" data-id=\"88e612d\" data-element_type=\"widget\" data-widget_type=\"elementskit-button.default\">\n\t\t\t\t<div class=\"elementor-widget-container\">\n\t\t\t<div class=\"ekit-wid-con\" >\t\t<div class=\"ekit-btn-wraper\">\n\t\t\t\t\t\t\t<a href=\"\/fr\/entreprise\/politique-de-lentreprise\/\" class=\"elementskit-btn  whitespace--normal\" id=\"\">\n\t\t\t\t\tD\u00e9couvrez nos valeurs\t\t\t\t<\/a>\n\t\t\t\t\t<\/div>\n        <\/div>\t\t<\/div>\n\t\t\t\t<\/div>\n\t\t\t\t\t<\/div>\n\t\t\t\t<\/div>\n\t\t<div class=\"elementor-element elementor-element-67a5df1 e-con-full e-flex e-con e-parent\" data-id=\"67a5df1\" data-element_type=\"container\">\n\t\t<div class=\"elementor-element elementor-element-fd0b8a0 e-con-full e-flex e-con e-child\" data-id=\"fd0b8a0\" data-element_type=\"container\" data-settings=\"{&quot;background_background&quot;:&quot;classic&quot;}\">\n\t\t\t\t<div class=\"elementor-element elementor-element-6de1465 elementor-widget elementor-widget-heading\" data-id=\"6de1465\" data-element_type=\"widget\" data-widget_type=\"heading.default\">\n\t\t\t\t<div class=\"elementor-widget-container\">\n\t\t\t<h2 class=\"elementor-heading-title elementor-size-default\">La croissance<\/h2>\t\t<\/div>\n\t\t\t\t<\/div>\n\t\t\t\t<div class=\"elementor-element elementor-element-83ab358 elementor-widget elementor-widget-heading\" data-id=\"83ab358\" data-element_type=\"widget\" data-widget_type=\"heading.default\">\n\t\t\t\t<div class=\"elementor-widget-container\">\n\t\t\t<h2 class=\"elementor-heading-title elementor-size-default\">Mulmix a transform\u00e9 son histoire en une opportunit\u00e9 de changement pour r\u00e9pondre aux d\u00e9fis croissants du march\u00e9. Expert et innovant dans la production, la conception et l'installation de silos de stockage de c\u00e9r\u00e9ales et d'installations pour le secteur agro-industriel, l'entreprise reste \u00e0 la pointe, proposant des solutions tourn\u00e9es vers l'avenir.<\/h2>\t\t<\/div>\n\t\t\t\t<\/div>\n\t\t<div class=\"elementor-element elementor-element-531f3bb e-con-full e-flex e-con e-child\" data-id=\"531f3bb\" data-element_type=\"container\">\n\t\t<div class=\"elementor-element elementor-element-6271ba1 e-con-full e-flex e-con e-child\" data-id=\"6271ba1\" data-element_type=\"container\" data-settings=\"{&quot;background_background&quot;:&quot;classic&quot;}\">\n\t\t\t\t<div class=\"elementor-element elementor-element-9a81375 elementor-widget__width-inherit elementor-hidden-mobile_extra elementor-hidden-mobile elementor-widget elementor-widget-image\" data-id=\"9a81375\" data-element_type=\"widget\" data-widget_type=\"image.default\">\n\t\t\t\t<div class=\"elementor-widget-container\">\n\t\t\t\t\t\t\t\t\t\t\t\t\t<img decoding=\"async\" width=\"820\" height=\"500\" src=\"https:\/\/www.mulmix.it\/wp-content\/uploads\/2024\/09\/azienda_01.jpg\" class=\"attachment-full size-full wp-image-2739\" alt=\"\" srcset=\"https:\/\/www.mulmix.it\/wp-content\/uploads\/2024\/09\/azienda_01.jpg 820w, https:\/\/www.mulmix.it\/wp-content\/uploads\/2024\/09\/azienda_01-300x183.jpg 300w, https:\/\/www.mulmix.it\/wp-content\/uploads\/2024\/09\/azienda_01-768x468.jpg 768w\" sizes=\"(max-width: 820px) 100vw, 820px\" \/>\t\t\t\t\t\t\t\t\t\t\t\t\t<\/div>\n\t\t\t\t<\/div>\n\t\t\t\t<\/div>\n\t\t<div class=\"elementor-element elementor-element-64749d3 e-con-full e-flex e-con e-child\" data-id=\"64749d3\" data-element_type=\"container\" data-settings=\"{&quot;background_background&quot;:&quot;classic&quot;}\">\n\t\t\t\t<div class=\"elementor-element elementor-element-3109079 elementor-widget__width-inherit elementor-hidden-mobile_extra elementor-hidden-mobile elementor-widget elementor-widget-image\" data-id=\"3109079\" data-element_type=\"widget\" data-widget_type=\"image.default\">\n\t\t\t\t<div class=\"elementor-widget-container\">\n\t\t\t\t\t\t\t\t\t\t\t\t\t<img decoding=\"async\" width=\"820\" height=\"500\" src=\"https:\/\/www.mulmix.it\/wp-content\/uploads\/2024\/11\/azienda_02.jpg\" class=\"attachment-full size-full wp-image-2003\" alt=\"azienda\" srcset=\"https:\/\/www.mulmix.it\/wp-content\/uploads\/2024\/11\/azienda_02.jpg 820w, https:\/\/www.mulmix.it\/wp-content\/uploads\/2024\/11\/azienda_02-300x183.jpg 300w, https:\/\/www.mulmix.it\/wp-content\/uploads\/2024\/11\/azienda_02-768x468.jpg 768w\" sizes=\"(max-width: 820px) 100vw, 820px\" \/>\t\t\t\t\t\t\t\t\t\t\t\t\t<\/div>\n\t\t\t\t<\/div>\n\t\t\t\t<\/div>\n\t\t\t\t<\/div>\n\t\t<div class=\"elementor-element elementor-element-3bfc721 e-con-full e-flex e-con e-child\" data-id=\"3bfc721\" data-element_type=\"container\">\n\t\t\t\t<div class=\"elementor-element elementor-element-54bd8c0 elementor-widget elementor-widget-heading\" data-id=\"54bd8c0\" data-element_type=\"widget\" data-widget_type=\"heading.default\">\n\t\t\t\t<div class=\"elementor-widget-container\">\n\t\t\t<h2 class=\"elementor-heading-title elementor-size-default\">Pr\u00e9sence capillaire<\/h2>\t\t<\/div>\n\t\t\t\t<\/div>\n\t\t\t\t<div class=\"elementor-element elementor-element-70faf29 elementor-widget__width-initial elementor-widget elementor-widget-heading\" data-id=\"70faf29\" data-element_type=\"widget\" data-widget_type=\"heading.default\">\n\t\t\t\t<div class=\"elementor-widget-container\">\n\t\t\t<h2 class=\"elementor-heading-title elementor-size-default\">Proche du client en italie et \u00e0 l'\u00e9tranger<\/h2>\t\t<\/div>\n\t\t\t\t<\/div>\n\t\t\t\t<div class=\"elementor-element elementor-element-12cb22f elementor-widget__width-initial elementor-widget-laptop__width-initial elementor-widget elementor-widget-heading\" data-id=\"12cb22f\" data-element_type=\"widget\" data-widget_type=\"heading.default\">\n\t\t\t\t<div class=\"elementor-widget-container\">\n\t\t\t<h2 class=\"elementor-heading-title elementor-size-default\">Avec plus de 60 ans d'exp\u00e9rience et une \u00e9quipe comp\u00e9tente et professionnelle, Mulmix travaille avec ses clients pour trouver les solutions les plus adapt\u00e9es et avantageuses pour leur entreprise. Une connaissance approfondie des diff\u00e9rents march\u00e9s internationaux, soutenue par des bureaux commerciaux dans diff\u00e9rents pays et une pr\u00e9sence capillaire sur les territoires, fait de Mulmix une r\u00e9alit\u00e9 en expansion et \u00e9volution continues.<\/h2>\t\t<\/div>\n\t\t\t\t<\/div>\n\t\t<div class=\"elementor-element elementor-element-ebb28ce e-con-full e-flex e-con e-child\" data-id=\"ebb28ce\" data-element_type=\"container\">\n\t\t\t\t<div class=\"elementor-element elementor-element-5d56ba1 elementor-widget elementor-widget-elementskit-button\" data-id=\"5d56ba1\" data-element_type=\"widget\" data-widget_type=\"elementskit-button.default\">\n\t\t\t\t<div class=\"elementor-widget-container\">\n\t\t\t<div class=\"ekit-wid-con\" >\t\t<div class=\"ekit-btn-wraper\">\n\t\t\t\t\t\t\t<a href=\"\/fr\/services\/\" class=\"elementskit-btn  whitespace--normal\" id=\"\">\n\t\t\t\t\tD\u00e9couvrez les services\t\t\t\t<\/a>\n\t\t\t\t\t<\/div>\n        <\/div>\t\t<\/div>\n\t\t\t\t<\/div>\n\t\t\t\t<\/div>\n\t\t\t\t<\/div>\n\t\t\t\t<\/div>\n\t\t\t\t<\/div>\n\t\t\t\t<\/div>\n\t\t","protected":false},"excerpt":{"rendered":"<p>UNE HISTOIRE QUI COMMENCE AVEC DES SILOS DE STOCKAGE DE C\u00c9R\u00c9ALES La naissance Mulmix a \u00e9t\u00e9 fond\u00e9e en 1962 et a fait ses premiers pas dans la conception et la production de machines pour la manipulation et le nettoyage des grains, de petites usines d&rsquo;alimentation pour l&rsquo;usage zootechnique et des silos de stockage de c\u00e9r\u00e9ales. [&hellip;]<\/p>\n","protected":false},"author":5,"featured_media":0,"parent":0,"menu_order":0,"comment_status":"closed","ping_status":"closed","template":"","meta":{"_acf_changed":false,"pgc_sgb_lightbox_settings":"","footnotes":""},"class_list":["post-2734","page","type-page","status-publish","hentry"],"acf":[],"yoast_head":"<!-- This site is optimized with the Yoast SEO plugin v25.8 - https:\/\/yoast.com\/wordpress\/plugins\/seo\/ -->\n<title>Silos de stockage de c\u00e9r\u00e9ales - Mulmix<\/title>\n<meta name=\"description\" content=\"Mulmix est une entreprise innovante sp\u00e9cialis\u00e9e dans la production, la conception et l&#039;installation de silos de stockage de c\u00e9r\u00e9ales et d&#039;installations pour le secteur agro-industriel.\" \/>\n<meta name=\"robots\" content=\"index, follow, max-snippet:-1, max-image-preview:large, max-video-preview:-1\" \/>\n<link rel=\"canonical\" href=\"https:\/\/www.mulmix.it\/fr\/entreprise\/\" \/>\n<meta property=\"og:locale\" content=\"fr_FR\" \/>\n<meta property=\"og:type\" content=\"article\" \/>\n<meta property=\"og:title\" content=\"Silos de stockage de c\u00e9r\u00e9ales - Mulmix\" \/>\n<meta property=\"og:description\" content=\"Mulmix est une entreprise innovante sp\u00e9cialis\u00e9e dans la production, la conception et l&#039;installation de silos de stockage de c\u00e9r\u00e9ales et d&#039;installations pour le secteur agro-industriel.\" \/>\n<meta property=\"og:url\" content=\"https:\/\/www.mulmix.it\/fr\/entreprise\/\" \/>\n<meta property=\"og:site_name\" content=\"Mulmix\" \/>\n<meta property=\"article:modified_time\" content=\"2025-11-17T08:32:06+00:00\" \/>\n<meta property=\"og:image\" content=\"https:\/\/www.mulmix.it\/wp-content\/uploads\/2024\/09\/azienda-valori.jpg\" \/>\n\t<meta property=\"og:image:width\" content=\"1637\" \/>\n\t<meta property=\"og:image:height\" content=\"581\" \/>\n\t<meta property=\"og:image:type\" content=\"image\/jpeg\" \/>\n<meta name=\"twitter:card\" content=\"summary_large_image\" \/>\n<meta name=\"twitter:label1\" content=\"Dur\u00e9e de lecture estim\u00e9e\" \/>\n\t<meta name=\"twitter:data1\" content=\"2 minutes\" \/>\n<script type=\"application\/ld+json\" class=\"yoast-schema-graph\">{\"@context\":\"https:\/\/schema.org\",\"@graph\":[{\"@type\":\"WebPage\",\"@id\":\"https:\/\/www.mulmix.it\/fr\/entreprise\/\",\"url\":\"https:\/\/www.mulmix.it\/fr\/entreprise\/\",\"name\":\"Silos de stockage de c\u00e9r\u00e9ales - Mulmix\",\"isPartOf\":{\"@id\":\"https:\/\/www.mulmix.it\/fr\/#website\"},\"primaryImageOfPage\":{\"@id\":\"https:\/\/www.mulmix.it\/fr\/entreprise\/#primaryimage\"},\"image\":{\"@id\":\"https:\/\/www.mulmix.it\/fr\/entreprise\/#primaryimage\"},\"thumbnailUrl\":\"https:\/\/www.mulmix.it\/wp-content\/uploads\/2024\/09\/azienda-valori.jpg\",\"datePublished\":\"2024-08-24T12:57:21+00:00\",\"dateModified\":\"2025-11-17T08:32:06+00:00\",\"description\":\"Mulmix est une entreprise innovante sp\u00e9cialis\u00e9e dans la production, la conception et l'installation de silos de stockage de c\u00e9r\u00e9ales et d'installations pour le secteur agro-industriel.\",\"breadcrumb\":{\"@id\":\"https:\/\/www.mulmix.it\/fr\/entreprise\/#breadcrumb\"},\"inLanguage\":\"fr-FR\",\"potentialAction\":[{\"@type\":\"ReadAction\",\"target\":[\"https:\/\/www.mulmix.it\/fr\/entreprise\/\"]}]},{\"@type\":\"ImageObject\",\"inLanguage\":\"fr-FR\",\"@id\":\"https:\/\/www.mulmix.it\/fr\/entreprise\/#primaryimage\",\"url\":\"https:\/\/www.mulmix.it\/wp-content\/uploads\/2024\/09\/azienda-valori.jpg\",\"contentUrl\":\"https:\/\/www.mulmix.it\/wp-content\/uploads\/2024\/09\/azienda-valori.jpg\"},{\"@type\":\"BreadcrumbList\",\"@id\":\"https:\/\/www.mulmix.it\/fr\/entreprise\/#breadcrumb\",\"itemListElement\":[{\"@type\":\"ListItem\",\"position\":1,\"name\":\"Home\",\"item\":\"https:\/\/www.mulmix.it\/fr\/\"},{\"@type\":\"ListItem\",\"position\":2,\"name\":\"Entreprise\"}]},{\"@type\":\"WebSite\",\"@id\":\"https:\/\/www.mulmix.it\/fr\/#website\",\"url\":\"https:\/\/www.mulmix.it\/fr\/\",\"name\":\"Mulmix\",\"description\":\"\",\"publisher\":{\"@id\":\"https:\/\/www.mulmix.it\/fr\/#organization\"},\"potentialAction\":[{\"@type\":\"SearchAction\",\"target\":{\"@type\":\"EntryPoint\",\"urlTemplate\":\"https:\/\/www.mulmix.it\/fr\/?s={search_term_string}\"},\"query-input\":{\"@type\":\"PropertyValueSpecification\",\"valueRequired\":true,\"valueName\":\"search_term_string\"}}],\"inLanguage\":\"fr-FR\"},{\"@type\":\"Organization\",\"@id\":\"https:\/\/www.mulmix.it\/fr\/#organization\",\"name\":\"Mulmix\",\"url\":\"https:\/\/www.mulmix.it\/fr\/\",\"logo\":{\"@type\":\"ImageObject\",\"inLanguage\":\"fr-FR\",\"@id\":\"https:\/\/www.mulmix.it\/fr\/#\/schema\/logo\/image\/\",\"url\":\"https:\/\/www.mulmix.it\/wp-content\/uploads\/2024\/07\/Raggruppa-596.svg\",\"contentUrl\":\"https:\/\/www.mulmix.it\/wp-content\/uploads\/2024\/07\/Raggruppa-596.svg\",\"width\":163,\"height\":71,\"caption\":\"Mulmix\"},\"image\":{\"@id\":\"https:\/\/www.mulmix.it\/fr\/#\/schema\/logo\/image\/\"}}]}<\/script>\n<!-- \/ Yoast SEO plugin. -->","yoast_head_json":{"title":"Silos de stockage de c\u00e9r\u00e9ales - Mulmix","description":"Mulmix est une entreprise innovante sp\u00e9cialis\u00e9e dans la production, la conception et l'installation de silos de stockage de c\u00e9r\u00e9ales et d'installations pour le secteur agro-industriel.","robots":{"index":"index","follow":"follow","max-snippet":"max-snippet:-1","max-image-preview":"max-image-preview:large","max-video-preview":"max-video-preview:-1"},"canonical":"https:\/\/www.mulmix.it\/fr\/entreprise\/","og_locale":"fr_FR","og_type":"article","og_title":"Silos de stockage de c\u00e9r\u00e9ales - Mulmix","og_description":"Mulmix est une entreprise innovante sp\u00e9cialis\u00e9e dans la production, la conception et l'installation de silos de stockage de c\u00e9r\u00e9ales et d'installations pour le secteur agro-industriel.","og_url":"https:\/\/www.mulmix.it\/fr\/entreprise\/","og_site_name":"Mulmix","article_modified_time":"2025-11-17T08:32:06+00:00","og_image":[{"width":1637,"height":581,"url":"https:\/\/www.mulmix.it\/wp-content\/uploads\/2024\/09\/azienda-valori.jpg","type":"image\/jpeg"}],"twitter_card":"summary_large_image","twitter_misc":{"Dur\u00e9e de lecture estim\u00e9e":"2 minutes"},"schema":{"@context":"https:\/\/schema.org","@graph":[{"@type":"WebPage","@id":"https:\/\/www.mulmix.it\/fr\/entreprise\/","url":"https:\/\/www.mulmix.it\/fr\/entreprise\/","name":"Silos de stockage de c\u00e9r\u00e9ales - Mulmix","isPartOf":{"@id":"https:\/\/www.mulmix.it\/fr\/#website"},"primaryImageOfPage":{"@id":"https:\/\/www.mulmix.it\/fr\/entreprise\/#primaryimage"},"image":{"@id":"https:\/\/www.mulmix.it\/fr\/entreprise\/#primaryimage"},"thumbnailUrl":"https:\/\/www.mulmix.it\/wp-content\/uploads\/2024\/09\/azienda-valori.jpg","datePublished":"2024-08-24T12:57:21+00:00","dateModified":"2025-11-17T08:32:06+00:00","description":"Mulmix est une entreprise innovante sp\u00e9cialis\u00e9e dans la production, la conception et l'installation de silos de stockage de c\u00e9r\u00e9ales et d'installations pour le secteur agro-industriel.","breadcrumb":{"@id":"https:\/\/www.mulmix.it\/fr\/entreprise\/#breadcrumb"},"inLanguage":"fr-FR","potentialAction":[{"@type":"ReadAction","target":["https:\/\/www.mulmix.it\/fr\/entreprise\/"]}]},{"@type":"ImageObject","inLanguage":"fr-FR","@id":"https:\/\/www.mulmix.it\/fr\/entreprise\/#primaryimage","url":"https:\/\/www.mulmix.it\/wp-content\/uploads\/2024\/09\/azienda-valori.jpg","contentUrl":"https:\/\/www.mulmix.it\/wp-content\/uploads\/2024\/09\/azienda-valori.jpg"},{"@type":"BreadcrumbList","@id":"https:\/\/www.mulmix.it\/fr\/entreprise\/#breadcrumb","itemListElement":[{"@type":"ListItem","position":1,"name":"Home","item":"https:\/\/www.mulmix.it\/fr\/"},{"@type":"ListItem","position":2,"name":"Entreprise"}]},{"@type":"WebSite","@id":"https:\/\/www.mulmix.it\/fr\/#website","url":"https:\/\/www.mulmix.it\/fr\/","name":"Mulmix","description":"","publisher":{"@id":"https:\/\/www.mulmix.it\/fr\/#organization"},"potentialAction":[{"@type":"SearchAction","target":{"@type":"EntryPoint","urlTemplate":"https:\/\/www.mulmix.it\/fr\/?s={search_term_string}"},"query-input":{"@type":"PropertyValueSpecification","valueRequired":true,"valueName":"search_term_string"}}],"inLanguage":"fr-FR"},{"@type":"Organization","@id":"https:\/\/www.mulmix.it\/fr\/#organization","name":"Mulmix","url":"https:\/\/www.mulmix.it\/fr\/","logo":{"@type":"ImageObject","inLanguage":"fr-FR","@id":"https:\/\/www.mulmix.it\/fr\/#\/schema\/logo\/image\/","url":"https:\/\/www.mulmix.it\/wp-content\/uploads\/2024\/07\/Raggruppa-596.svg","contentUrl":"https:\/\/www.mulmix.it\/wp-content\/uploads\/2024\/07\/Raggruppa-596.svg","width":163,"height":71,"caption":"Mulmix"},"image":{"@id":"https:\/\/www.mulmix.it\/fr\/#\/schema\/logo\/image\/"}}]}},"_links":{"self":[{"href":"https:\/\/www.mulmix.it\/fr\/wp-json\/wp\/v2\/pages\/2734","targetHints":{"allow":["GET"]}}],"collection":[{"href":"https:\/\/www.mulmix.it\/fr\/wp-json\/wp\/v2\/pages"}],"about":[{"href":"https:\/\/www.mulmix.it\/fr\/wp-json\/wp\/v2\/types\/page"}],"author":[{"embeddable":true,"href":"https:\/\/www.mulmix.it\/fr\/wp-json\/wp\/v2\/users\/5"}],"replies":[{"embeddable":true,"href":"https:\/\/www.mulmix.it\/fr\/wp-json\/wp\/v2\/comments?post=2734"}],"version-history":[{"count":19,"href":"https:\/\/www.mulmix.it\/fr\/wp-json\/wp\/v2\/pages\/2734\/revisions"}],"predecessor-version":[{"id":8571,"href":"https:\/\/www.mulmix.it\/fr\/wp-json\/wp\/v2\/pages\/2734\/revisions\/8571"}],"wp:attachment":[{"href":"https:\/\/www.mulmix.it\/fr\/wp-json\/wp\/v2\/media?parent=2734"}],"curies":[{"name":"wp","href":"https:\/\/api.w.org\/{rel}","templated":true}]}}