{"id":2761,"date":"2024-09-12T23:07:44","date_gmt":"2024-09-12T21:07:44","guid":{"rendered":"https:\/\/www.mulmix.it\/download\/"},"modified":"2024-11-26T14:56:31","modified_gmt":"2024-11-26T13:56:31","slug":"telecharger","status":"publish","type":"page","link":"https:\/\/www.mulmix.it\/fr\/telecharger\/","title":{"rendered":"T\u00e9l\u00e9charger"},"content":{"rendered":"\t\t<div data-elementor-type=\"wp-post\" data-elementor-id=\"2761\" class=\"elementor elementor-2761 elementor-927\" data-elementor-post-type=\"page\">\n\t\t\t\t<div class=\"elementor-element elementor-element-4817f31 e-con-full e-flex e-con e-parent\" data-id=\"4817f31\" data-element_type=\"container\" data-settings=\"{&quot;background_background&quot;:&quot;classic&quot;}\">\n\t\t\t\t<div class=\"elementor-element elementor-element-5cce071 elementor-widget__width-initial elementor-widget-laptop__width-initial elementor-widget elementor-widget-heading\" data-id=\"5cce071\" data-element_type=\"widget\" data-widget_type=\"heading.default\">\n\t\t\t\t<div class=\"elementor-widget-container\">\n\t\t\t<h2 class=\"elementor-heading-title elementor-size-default\">T\u00c9L\u00c9CHARGEZ LE MAT\u00c9RIEL TECHNIQUE<\/h2>\t\t<\/div>\n\t\t\t\t<\/div>\n\t\t\t\t<\/div>\n\t\t<div class=\"elementor-element elementor-element-245dc0c e-con-full e-flex e-con e-parent\" data-id=\"245dc0c\" data-element_type=\"container\">\n\t\t<div class=\"elementor-element elementor-element-acff490 e-con-full e-flex e-con e-child\" data-id=\"acff490\" data-element_type=\"container\">\n\t\t\t\t<div class=\"elementor-element elementor-element-3ecab00 elementor-widget elementor-widget-heading\" data-id=\"3ecab00\" data-element_type=\"widget\" data-widget_type=\"heading.default\">\n\t\t\t\t<div class=\"elementor-widget-container\">\n\t\t\t<h2 class=\"elementor-heading-title elementor-size-default\">T\u00e9l\u00e9charger<\/h2>\t\t<\/div>\n\t\t\t\t<\/div>\n\t\t\t\t<div class=\"elementor-element elementor-element-5dc8e03 elementor-widget elementor-widget-heading\" data-id=\"5dc8e03\" data-element_type=\"widget\" data-widget_type=\"heading.default\">\n\t\t\t\t<div class=\"elementor-widget-container\">\n\t\t\t<h2 class=\"elementor-heading-title elementor-size-default\">Vous pouvez t\u00e9l\u00e9charger ici les catalogues o\u00f9 vous trouverez des informations d\u00e9taill\u00e9es sur toute la gamme relative \u00e0 la construction de silos de stockage et aux autres Unit\u00e9s Commerciales. D\u00e9couvrez la documentation technique de la gamme de produits  Mulmix.<\/h2>\t\t<\/div>\n\t\t\t\t<\/div>\n\t\t\t\t<div class=\"elementor-element elementor-element-bd49d4a elementor-grid-1 elementor-grid-tablet-2 elementor-grid-mobile-1 elementor-widget elementor-widget-loop-grid\" data-id=\"bd49d4a\" data-element_type=\"widget\" data-settings=\"{&quot;template_id&quot;:5993,&quot;columns&quot;:1,&quot;_skin&quot;:&quot;post&quot;,&quot;columns_tablet&quot;:&quot;2&quot;,&quot;columns_mobile&quot;:&quot;1&quot;,&quot;edit_handle_selector&quot;:&quot;[data-elementor-type=\\&quot;loop-item\\&quot;]&quot;,&quot;row_gap&quot;:{&quot;unit&quot;:&quot;px&quot;,&quot;size&quot;:&quot;&quot;,&quot;sizes&quot;:[]},&quot;row_gap_widescreen&quot;:{&quot;unit&quot;:&quot;px&quot;,&quot;size&quot;:&quot;&quot;,&quot;sizes&quot;:[]},&quot;row_gap_laptop&quot;:{&quot;unit&quot;:&quot;px&quot;,&quot;size&quot;:&quot;&quot;,&quot;sizes&quot;:[]},&quot;row_gap_tablet_extra&quot;:{&quot;unit&quot;:&quot;px&quot;,&quot;size&quot;:&quot;&quot;,&quot;sizes&quot;:[]},&quot;row_gap_tablet&quot;:{&quot;unit&quot;:&quot;px&quot;,&quot;size&quot;:&quot;&quot;,&quot;sizes&quot;:[]},&quot;row_gap_mobile_extra&quot;:{&quot;unit&quot;:&quot;px&quot;,&quot;size&quot;:&quot;&quot;,&quot;sizes&quot;:[]},&quot;row_gap_mobile&quot;:{&quot;unit&quot;:&quot;px&quot;,&quot;size&quot;:&quot;&quot;,&quot;sizes&quot;:[]}}\" data-widget_type=\"loop-grid.post\">\n\t\t\t\t<div class=\"elementor-widget-container\">\n\t\t\t\t\t<div class=\"elementor-loop-container elementor-grid\">\n\t\t<style id=\"loop-5993\">.elementor-5993 .elementor-element.elementor-element-6714669{--display:flex;--flex-direction:row;--container-widget-width:initial;--container-widget-height:100%;--container-widget-flex-grow:1;--container-widget-align-self:stretch;--flex-wrap-mobile:wrap;--justify-content:space-between;--background-transition:0.3s;--border-radius:5px 5px 5px 5px;--padding-top:40px;--padding-bottom:40px;--padding-left:40px;--padding-right:40px;}.elementor-5993 .elementor-element.elementor-element-6714669:not(.elementor-motion-effects-element-type-background), .elementor-5993 .elementor-element.elementor-element-6714669 > .elementor-motion-effects-container > .elementor-motion-effects-layer{background-color:#E0E0E0;}.elementor-5993 .elementor-element.elementor-element-6714669, .elementor-5993 .elementor-element.elementor-element-6714669::before{--border-transition:0.3s;}.elementor-5993 .elementor-element.elementor-element-6714669.e-con{--align-self:center;}.elementor-5993 .elementor-element.elementor-element-3f7da90{--display:flex;--flex-direction:column;--container-widget-width:calc( ( 1 - var( --container-widget-flex-grow ) ) * 100% );--container-widget-height:initial;--container-widget-flex-grow:0;--container-widget-align-self:initial;--flex-wrap-mobile:wrap;--justify-content:center;--align-items:flex-start;--gap:0px 0px;--background-transition:0.3s;--margin-top:0px;--margin-bottom:0px;--margin-left:0px;--margin-right:0px;--padding-top:0px;--padding-bottom:0px;--padding-left:0px;--padding-right:0px;}.elementor-5993 .elementor-element.elementor-element-3f7da90.e-con{--flex-grow:0;--flex-shrink:0;}.elementor-widget-theme-post-title .elementor-heading-title{color:var( --e-global-color-primary );font-family:var( --e-global-typography-primary-font-family ), Sans-serif;font-weight:var( --e-global-typography-primary-font-weight );}.elementor-5993 .elementor-element.elementor-element-6ee6060{text-align:left;}.elementor-5993 .elementor-element.elementor-element-6ee6060 .elementor-heading-title{color:#000000;font-family:\"Oswald\", Sans-serif;font-size:30px;font-weight:300;}.elementor-widget-heading .elementor-heading-title{color:var( --e-global-color-primary );font-family:var( --e-global-typography-primary-font-family ), Sans-serif;font-weight:var( --e-global-typography-primary-font-weight );}.elementor-5993 .elementor-element.elementor-element-dcbd911 > .elementor-widget-container{margin:10px 0px 0px 0px;}.elementor-5993 .elementor-element.elementor-element-dcbd911 .elementor-heading-title{color:#000000;font-family:\"Inter\", Sans-serif;font-size:20px;font-weight:400;}.elementor-5993 .elementor-element.elementor-element-7e36912{--display:flex;--justify-content:center;--align-items:stretch;--container-widget-width:calc( ( 1 - var( --container-widget-flex-grow ) ) * 100% );--background-transition:0.3s;--margin-top:0px;--margin-bottom:0px;--margin-left:0px;--margin-right:0px;--padding-top:0px;--padding-bottom:0px;--padding-left:0px;--padding-right:0px;}.elementor-5993 .elementor-element.elementor-element-f0e4d06 .elementskit-btn{background-color:#EC6626;width:100%;padding:10px 0px 10px 0px;font-family:\"Oswald\", Sans-serif;font-size:30px;font-weight:500;color:#FFFFFF;border-style:solid;border-width:1px 1px 1px 1px;border-color:#EC6626;}.elementor-5993 .elementor-element.elementor-element-f0e4d06 .elementskit-btn:hover{background-color:#FFFFFF;color:#EC6626;}.elementor-5993 .elementor-element.elementor-element-f0e4d06{width:100%;max-width:100%;}.elementor-5993 .elementor-element.elementor-element-f0e4d06 > .elementor-widget-container{margin:0px 0px 0px 0px;padding:0px 0px 0px 0px;}.elementor-5993 .elementor-element.elementor-element-f0e4d06.elementor-element{--align-self:flex-start;}.elementor-5993 .elementor-element.elementor-element-f0e4d06 .ekit-btn-wraper{text-align:left;}.elementor-5993 .elementor-element.elementor-element-f0e4d06 .elementskit-btn svg path{stroke:#FFFFFF;fill:#FFFFFF;}.elementor-5993 .elementor-element.elementor-element-f0e4d06 .elementskit-btn:hover svg path{stroke:#EC6626;fill:#EC6626;}.elementor-5993 .elementor-element.elementor-element-f0e4d06 .elementskit-btn > i, .elementor-5993 .elementor-element.elementor-element-f0e4d06 .elementskit-btn > svg{margin-right:5px;}.rtl .elementor-5993 .elementor-element.elementor-element-f0e4d06 .elementskit-btn > i, .rtl .elementor-5993 .elementor-element.elementor-element-f0e4d06 .elementskit-btn > svg{margin-left:5px;margin-right:0;}@media(max-width:880px){.elementor-5993 .elementor-element.elementor-element-6714669{--flex-direction:column;--container-widget-width:100%;--container-widget-height:initial;--container-widget-flex-grow:0;--container-widget-align-self:initial;--flex-wrap-mobile:wrap;}.elementor-5993 .elementor-element.elementor-element-3f7da90{--align-items:center;--container-widget-width:calc( ( 1 - var( --container-widget-flex-grow ) ) * 100% );}}@media(max-width:767px){.elementor-5993 .elementor-element.elementor-element-6714669{--padding-top:15px;--padding-bottom:15px;--padding-left:20px;--padding-right:20px;}.elementor-5993 .elementor-element.elementor-element-6ee6060 .elementor-heading-title{font-size:20px;}.elementor-5993 .elementor-element.elementor-element-dcbd911 .elementor-heading-title{font-size:16px;}.elementor-5993 .elementor-element.elementor-element-7e36912{--margin-top:0px;--margin-bottom:0px;--margin-left:0px;--margin-right:0px;}.elementor-5993 .elementor-element.elementor-element-f0e4d06 .ekit-btn-wraper{text-align:center;}.elementor-5993 .elementor-element.elementor-element-f0e4d06 .elementskit-btn{font-size:16px;}}@media(min-width:768px){.elementor-5993 .elementor-element.elementor-element-3f7da90{--width:48.6%;}}@media(max-width:880px) and (min-width:768px){.elementor-5993 .elementor-element.elementor-element-3f7da90{--width:100%;}}<\/style>\t\t<div data-elementor-type=\"loop-item\" data-elementor-id=\"5993\" class=\"elementor elementor-5993 elementor-931 e-loop-item e-loop-item-5858 post-5858 download type-download status-publish hentry categoria-download-pagina-download\" data-elementor-post-type=\"elementor_library\" data-custom-edit-handle=\"1\">\n\t\t\t<div class=\"elementor-element elementor-element-6714669 e-con-full e-flex e-con e-parent\" data-id=\"6714669\" data-element_type=\"container\" data-settings=\"{&quot;background_background&quot;:&quot;classic&quot;}\">\n\t\t<div class=\"elementor-element elementor-element-3f7da90 e-con-full e-flex e-con e-child\" data-id=\"3f7da90\" data-element_type=\"container\">\n\t\t\t\t<div class=\"elementor-element elementor-element-6ee6060 elementor-widget elementor-widget-theme-post-title elementor-page-title elementor-widget-heading\" data-id=\"6ee6060\" data-element_type=\"widget\" data-widget_type=\"theme-post-title.default\">\n\t\t\t\t<div class=\"elementor-widget-container\">\n\t\t\t<h2 class=\"elementor-heading-title elementor-size-default\">Mulmix<\/h2>\t\t<\/div>\n\t\t\t\t<\/div>\n\t\t\t\t<div class=\"elementor-element elementor-element-dcbd911 elementor-widget elementor-widget-heading\" data-id=\"dcbd911\" data-element_type=\"widget\" data-widget_type=\"heading.default\">\n\t\t\t\t<div class=\"elementor-widget-container\">\n\t\t\t<h2 class=\"elementor-heading-title elementor-size-default\">Complete catalog<\/h2>\t\t<\/div>\n\t\t\t\t<\/div>\n\t\t\t\t<\/div>\n\t\t<div class=\"elementor-element elementor-element-7e36912 e-con-full e-flex e-con e-child\" data-id=\"7e36912\" data-element_type=\"container\">\n\t\t\t\t<div class=\"elementor-element elementor-element-f0e4d06 elementor-widget__width-inherit elementor-widget elementor-widget-elementskit-button\" data-id=\"f0e4d06\" data-element_type=\"widget\" data-widget_type=\"elementskit-button.default\">\n\t\t\t\t<div class=\"elementor-widget-container\">\n\t\t\t<div class=\"ekit-wid-con\" >\t\t<div class=\"ekit-btn-wraper\">\n\t\t\t\t\t\t\t<a href=\"https:\/\/www.mulmix.it\/wp-content\/uploads\/2025\/04\/mulmix-book-eng-fra-ita_web.pdf\" target=\"_blank\" class=\"elementskit-btn  whitespace--normal\" id=\"\">\n\t\t\t\t\t<i aria-hidden=\"true\" class=\"icon icon-download\"><\/i>T\u00e9l\u00e9charger\t\t\t\t<\/a>\n\t\t\t\t\t<\/div>\n        <\/div>\t\t<\/div>\n\t\t\t\t<\/div>\n\t\t\t\t<\/div>\n\t\t\t\t<\/div>\n\t\t\t\t<\/div>\n\t\t\t\t<\/div>\n\t\t\n\t\t\t\t<\/div>\n\t\t\t\t<\/div>\n\t\t\t\t<\/div>\n\t\t\t\t<\/div>\n\t\t\t\t<\/div>\n\t\t","protected":false},"excerpt":{"rendered":"<p>T\u00c9L\u00c9CHARGEZ LE MAT\u00c9RIEL TECHNIQUE T\u00e9l\u00e9charger Vous pouvez t\u00e9l\u00e9charger ici les catalogues o\u00f9 vous trouverez des informations d\u00e9taill\u00e9es sur toute la gamme relative \u00e0 la construction de silos de stockage et aux autres Unit\u00e9s Commerciales. D\u00e9couvrez la documentation technique de la gamme de produits Mulmix.<\/p>\n","protected":false},"author":5,"featured_media":0,"parent":0,"menu_order":0,"comment_status":"closed","ping_status":"closed","template":"","meta":{"_acf_changed":false,"pgc_sgb_lightbox_settings":"","footnotes":""},"class_list":["post-2761","page","type-page","status-publish","hentry"],"acf":[],"yoast_head":"<!-- This site is optimized with the Yoast SEO plugin v25.8 - https:\/\/yoast.com\/wordpress\/plugins\/seo\/ -->\n<title>T\u00e9l\u00e9chargement pour la construction de silos et de machines - Mulmix<\/title>\n<meta name=\"description\" content=\"Vous pouvez t\u00e9l\u00e9charger ici les catalogues relatifs \u00e0 la construction de silos et de machines. D\u00e9couvrez la documentation technique de la gamme Mulmix!\" \/>\n<meta name=\"robots\" content=\"index, follow, max-snippet:-1, max-image-preview:large, max-video-preview:-1\" \/>\n<link rel=\"canonical\" href=\"https:\/\/www.mulmix.it\/fr\/telecharger\/\" \/>\n<meta property=\"og:locale\" content=\"fr_FR\" \/>\n<meta property=\"og:type\" content=\"article\" \/>\n<meta property=\"og:title\" content=\"T\u00e9l\u00e9chargement pour la construction de silos et de machines - Mulmix\" \/>\n<meta property=\"og:description\" content=\"Vous pouvez t\u00e9l\u00e9charger ici les catalogues relatifs \u00e0 la construction de silos et de machines. D\u00e9couvrez la documentation technique de la gamme Mulmix!\" \/>\n<meta property=\"og:url\" content=\"https:\/\/www.mulmix.it\/fr\/telecharger\/\" \/>\n<meta property=\"og:site_name\" content=\"Mulmix\" \/>\n<meta property=\"article:modified_time\" content=\"2024-11-26T13:56:31+00:00\" \/>\n<meta name=\"twitter:card\" content=\"summary_large_image\" \/>\n<meta name=\"twitter:label1\" content=\"Dur\u00e9e de lecture estim\u00e9e\" \/>\n\t<meta name=\"twitter:data1\" content=\"1 minute\" \/>\n<script type=\"application\/ld+json\" class=\"yoast-schema-graph\">{\"@context\":\"https:\/\/schema.org\",\"@graph\":[{\"@type\":\"WebPage\",\"@id\":\"https:\/\/www.mulmix.it\/fr\/telecharger\/\",\"url\":\"https:\/\/www.mulmix.it\/fr\/telecharger\/\",\"name\":\"T\u00e9l\u00e9chargement pour la construction de silos et de machines - Mulmix\",\"isPartOf\":{\"@id\":\"https:\/\/www.mulmix.it\/fr\/#website\"},\"datePublished\":\"2024-09-12T21:07:44+00:00\",\"dateModified\":\"2024-11-26T13:56:31+00:00\",\"description\":\"Vous pouvez t\u00e9l\u00e9charger ici les catalogues relatifs \u00e0 la construction de silos et de machines. D\u00e9couvrez la documentation technique de la gamme Mulmix!\",\"breadcrumb\":{\"@id\":\"https:\/\/www.mulmix.it\/fr\/telecharger\/#breadcrumb\"},\"inLanguage\":\"fr-FR\",\"potentialAction\":[{\"@type\":\"ReadAction\",\"target\":[\"https:\/\/www.mulmix.it\/fr\/telecharger\/\"]}]},{\"@type\":\"BreadcrumbList\",\"@id\":\"https:\/\/www.mulmix.it\/fr\/telecharger\/#breadcrumb\",\"itemListElement\":[{\"@type\":\"ListItem\",\"position\":1,\"name\":\"Home\",\"item\":\"https:\/\/www.mulmix.it\/fr\/\"},{\"@type\":\"ListItem\",\"position\":2,\"name\":\"T\u00e9l\u00e9charger\"}]},{\"@type\":\"WebSite\",\"@id\":\"https:\/\/www.mulmix.it\/fr\/#website\",\"url\":\"https:\/\/www.mulmix.it\/fr\/\",\"name\":\"Mulmix\",\"description\":\"\",\"publisher\":{\"@id\":\"https:\/\/www.mulmix.it\/fr\/#organization\"},\"potentialAction\":[{\"@type\":\"SearchAction\",\"target\":{\"@type\":\"EntryPoint\",\"urlTemplate\":\"https:\/\/www.mulmix.it\/fr\/?s={search_term_string}\"},\"query-input\":{\"@type\":\"PropertyValueSpecification\",\"valueRequired\":true,\"valueName\":\"search_term_string\"}}],\"inLanguage\":\"fr-FR\"},{\"@type\":\"Organization\",\"@id\":\"https:\/\/www.mulmix.it\/fr\/#organization\",\"name\":\"Mulmix\",\"url\":\"https:\/\/www.mulmix.it\/fr\/\",\"logo\":{\"@type\":\"ImageObject\",\"inLanguage\":\"fr-FR\",\"@id\":\"https:\/\/www.mulmix.it\/fr\/#\/schema\/logo\/image\/\",\"url\":\"https:\/\/www.mulmix.it\/wp-content\/uploads\/2024\/07\/Raggruppa-596.svg\",\"contentUrl\":\"https:\/\/www.mulmix.it\/wp-content\/uploads\/2024\/07\/Raggruppa-596.svg\",\"width\":163,\"height\":71,\"caption\":\"Mulmix\"},\"image\":{\"@id\":\"https:\/\/www.mulmix.it\/fr\/#\/schema\/logo\/image\/\"}}]}<\/script>\n<!-- \/ Yoast SEO plugin. -->","yoast_head_json":{"title":"T\u00e9l\u00e9chargement pour la construction de silos et de machines - Mulmix","description":"Vous pouvez t\u00e9l\u00e9charger ici les catalogues relatifs \u00e0 la construction de silos et de machines. D\u00e9couvrez la documentation technique de la gamme Mulmix!","robots":{"index":"index","follow":"follow","max-snippet":"max-snippet:-1","max-image-preview":"max-image-preview:large","max-video-preview":"max-video-preview:-1"},"canonical":"https:\/\/www.mulmix.it\/fr\/telecharger\/","og_locale":"fr_FR","og_type":"article","og_title":"T\u00e9l\u00e9chargement pour la construction de silos et de machines - Mulmix","og_description":"Vous pouvez t\u00e9l\u00e9charger ici les catalogues relatifs \u00e0 la construction de silos et de machines. D\u00e9couvrez la documentation technique de la gamme Mulmix!","og_url":"https:\/\/www.mulmix.it\/fr\/telecharger\/","og_site_name":"Mulmix","article_modified_time":"2024-11-26T13:56:31+00:00","twitter_card":"summary_large_image","twitter_misc":{"Dur\u00e9e de lecture estim\u00e9e":"1 minute"},"schema":{"@context":"https:\/\/schema.org","@graph":[{"@type":"WebPage","@id":"https:\/\/www.mulmix.it\/fr\/telecharger\/","url":"https:\/\/www.mulmix.it\/fr\/telecharger\/","name":"T\u00e9l\u00e9chargement pour la construction de silos et de machines - Mulmix","isPartOf":{"@id":"https:\/\/www.mulmix.it\/fr\/#website"},"datePublished":"2024-09-12T21:07:44+00:00","dateModified":"2024-11-26T13:56:31+00:00","description":"Vous pouvez t\u00e9l\u00e9charger ici les catalogues relatifs \u00e0 la construction de silos et de machines. D\u00e9couvrez la documentation technique de la gamme Mulmix!","breadcrumb":{"@id":"https:\/\/www.mulmix.it\/fr\/telecharger\/#breadcrumb"},"inLanguage":"fr-FR","potentialAction":[{"@type":"ReadAction","target":["https:\/\/www.mulmix.it\/fr\/telecharger\/"]}]},{"@type":"BreadcrumbList","@id":"https:\/\/www.mulmix.it\/fr\/telecharger\/#breadcrumb","itemListElement":[{"@type":"ListItem","position":1,"name":"Home","item":"https:\/\/www.mulmix.it\/fr\/"},{"@type":"ListItem","position":2,"name":"T\u00e9l\u00e9charger"}]},{"@type":"WebSite","@id":"https:\/\/www.mulmix.it\/fr\/#website","url":"https:\/\/www.mulmix.it\/fr\/","name":"Mulmix","description":"","publisher":{"@id":"https:\/\/www.mulmix.it\/fr\/#organization"},"potentialAction":[{"@type":"SearchAction","target":{"@type":"EntryPoint","urlTemplate":"https:\/\/www.mulmix.it\/fr\/?s={search_term_string}"},"query-input":{"@type":"PropertyValueSpecification","valueRequired":true,"valueName":"search_term_string"}}],"inLanguage":"fr-FR"},{"@type":"Organization","@id":"https:\/\/www.mulmix.it\/fr\/#organization","name":"Mulmix","url":"https:\/\/www.mulmix.it\/fr\/","logo":{"@type":"ImageObject","inLanguage":"fr-FR","@id":"https:\/\/www.mulmix.it\/fr\/#\/schema\/logo\/image\/","url":"https:\/\/www.mulmix.it\/wp-content\/uploads\/2024\/07\/Raggruppa-596.svg","contentUrl":"https:\/\/www.mulmix.it\/wp-content\/uploads\/2024\/07\/Raggruppa-596.svg","width":163,"height":71,"caption":"Mulmix"},"image":{"@id":"https:\/\/www.mulmix.it\/fr\/#\/schema\/logo\/image\/"}}]}},"_links":{"self":[{"href":"https:\/\/www.mulmix.it\/fr\/wp-json\/wp\/v2\/pages\/2761","targetHints":{"allow":["GET"]}}],"collection":[{"href":"https:\/\/www.mulmix.it\/fr\/wp-json\/wp\/v2\/pages"}],"about":[{"href":"https:\/\/www.mulmix.it\/fr\/wp-json\/wp\/v2\/types\/page"}],"author":[{"embeddable":true,"href":"https:\/\/www.mulmix.it\/fr\/wp-json\/wp\/v2\/users\/5"}],"replies":[{"embeddable":true,"href":"https:\/\/www.mulmix.it\/fr\/wp-json\/wp\/v2\/comments?post=2761"}],"version-history":[{"count":4,"href":"https:\/\/www.mulmix.it\/fr\/wp-json\/wp\/v2\/pages\/2761\/revisions"}],"predecessor-version":[{"id":2777,"href":"https:\/\/www.mulmix.it\/fr\/wp-json\/wp\/v2\/pages\/2761\/revisions\/2777"}],"wp:attachment":[{"href":"https:\/\/www.mulmix.it\/fr\/wp-json\/wp\/v2\/media?parent=2761"}],"curies":[{"name":"wp","href":"https:\/\/api.w.org\/{rel}","templated":true}]}}