{"id":5480,"date":"2024-09-18T12:04:31","date_gmt":"2024-09-18T10:04:31","guid":{"rendered":"https:\/\/www.mulmix.it\/entreprise\/politica-aziendale\/"},"modified":"2025-03-11T11:15:41","modified_gmt":"2025-03-11T10:15:41","slug":"politique-de-lentreprise","status":"publish","type":"page","link":"https:\/\/www.mulmix.it\/fr\/entreprise\/politique-de-lentreprise\/","title":{"rendered":"Politique de l&rsquo;entreprise"},"content":{"rendered":"\t\t<div data-elementor-type=\"wp-post\" data-elementor-id=\"5480\" class=\"elementor elementor-5480 elementor-1209\" data-elementor-post-type=\"page\">\n\t\t\t\t<div class=\"elementor-element elementor-element-4817f31 e-con-full e-flex e-con e-parent\" data-id=\"4817f31\" data-element_type=\"container\" data-settings=\"{&quot;background_background&quot;:&quot;classic&quot;}\">\n\t\t\t\t<div class=\"elementor-element elementor-element-5cce071 elementor-widget__width-initial elementor-widget-laptop__width-initial elementor-widget-tablet_extra__width-initial elementor-widget-tablet__width-initial elementor-widget elementor-widget-heading\" data-id=\"5cce071\" data-element_type=\"widget\" data-widget_type=\"heading.default\">\n\t\t\t\t<div class=\"elementor-widget-container\">\n\t\t\t<h1 class=\"elementor-heading-title elementor-size-default\">POLITIQUE DE L'ENTREPRISE ET CODE D'\u00c9THIQUE<\/h1>\t\t<\/div>\n\t\t\t\t<\/div>\n\t\t\t\t<\/div>\n\t\t<div class=\"elementor-element elementor-element-1b6648c e-flex e-con-boxed e-con e-parent\" data-id=\"1b6648c\" data-element_type=\"container\">\n\t\t\t\t\t<div class=\"e-con-inner\">\n\t\t\t\t<div class=\"elementor-element elementor-element-0c44227 elementor-widget elementor-widget-heading\" data-id=\"0c44227\" data-element_type=\"widget\" data-widget_type=\"heading.default\">\n\t\t\t\t<div class=\"elementor-widget-container\">\n\t\t\t<h2 class=\"elementor-heading-title elementor-size-default\">Installations de stockage sur mesure<\/h2>\t\t<\/div>\n\t\t\t\t<\/div>\n\t\t\t\t<div class=\"elementor-element elementor-element-9d9377b elementor-widget elementor-widget-heading\" data-id=\"9d9377b\" data-element_type=\"widget\" data-widget_type=\"heading.default\">\n\t\t\t\t<div class=\"elementor-widget-container\">\n\t\t\t<h2 class=\"elementor-heading-title elementor-size-default\">Mulmix est une entreprise qui regarde l'avenir avec confiance et d\u00e9termination gr\u00e2ce \u00e0 une gestion entrepreneuriale comp\u00e9tente et rationnelle dans le secteur des installations de stockage. Mulmix investit constamment dans l'innovation des processus industriels et commerciaux pour offrir des solutions de plus en plus avanc\u00e9es et comp\u00e9titives. L'aire commerciale, avec une \u00e9quipe form\u00e9e et professionnelle, est pr\u00e9sente dans diff\u00e9rents territoires avec des bureaux d\u00e9di\u00e9s et des organisations locales, permettant \u00e0 l'entreprise de relever avec succ\u00e8s les diff\u00e9rents d\u00e9fis du march\u00e9. Ce type de structure diffuse garantit un contact humain direct et personnalis\u00e9 avec les clients qui exigent de plus en plus de proximit\u00e9 et de fiabilit\u00e9.<\/h2>\t\t<\/div>\n\t\t\t\t<\/div>\n\t\t\t\t<div class=\"elementor-element elementor-element-20a0cb6 elementor-widget elementor-widget-heading\" data-id=\"20a0cb6\" data-element_type=\"widget\" data-widget_type=\"heading.default\">\n\t\t\t\t<div class=\"elementor-widget-container\">\n\t\t\t<h2 class=\"elementor-heading-title elementor-size-default\">Protection maximale des personnes<\/h2>\t\t<\/div>\n\t\t\t\t<\/div>\n\t\t<div class=\"elementor-element elementor-element-8b667e1 e-con-full e-flex e-con e-child\" data-id=\"8b667e1\" data-element_type=\"container\">\n\t\t\t\t<div class=\"elementor-element elementor-element-2ba4000 elementor-widget elementor-widget-text-editor\" data-id=\"2ba4000\" data-element_type=\"widget\" data-widget_type=\"text-editor.default\">\n\t\t\t\t<div class=\"elementor-widget-container\">\n\t\t\t\t\t\t\t<p>Mulmix offre \u00e0 ses clients un service de qualit\u00e9 bas\u00e9 sur une philosophie visant \u00e0 pr\u00e9venir et \u00e0 \u00e9liminer tout d\u00e9faut et\/ou accident afin de prot\u00e9ger les personnes et de pr\u00e9server les installations, les \u00e9quipements et l&rsquo;environnement. L&rsquo;int\u00e9grit\u00e9 et le respect sont les principes fondamentaux de la philosophie de l&rsquo;entreprise, et pour cette raison, Mulmix accorde une grande attention \u00e0 divers aspects tels que :<\/p><ul><li>s&rsquo;assurer que ses techniciens et superviseurs se conforment aux lois et les sensibiliser aux cultures et aux traditions des pays o\u00f9 ils op\u00e8rent et o\u00f9 les chantiers sont pr\u00e9sents<\/li><li>adopter des m\u00e9thodes de travail et des \u00ab\u00a0bonnes pratiques\u00a0\u00bb pour garantir la s\u00e9curit\u00e9 du personnel<\/li><li>impliquer ses parties prenantes en fournissant toutes les informations pour leur permettre de r\u00e9aliser leurs activit\u00e9s de la meilleure et la plus s\u00fbre mani\u00e8re<\/li><\/ul><p>De plus, Mulmix s&rsquo;engage \u00e0 faire de ses bureaux et chantiers des lieux de travail s\u00fbrs car elle estime que les personnes sont la ressource la plus pr\u00e9cieuse \u00e0 prot\u00e9ger et \u00e0 sauvegarder.<\/p>\t\t\t\t\t\t<\/div>\n\t\t\t\t<\/div>\n\t\t\t\t<\/div>\n\t\t\t\t\t<\/div>\n\t\t\t\t<\/div>\n\t\t<div class=\"elementor-element elementor-element-f1feafb e-flex e-con-boxed e-con e-parent\" data-id=\"f1feafb\" data-element_type=\"container\">\n\t\t\t\t\t<div class=\"e-con-inner\">\n\t\t<div class=\"elementor-element elementor-element-01bd497 e-con-full e-flex e-con e-child\" data-id=\"01bd497\" data-element_type=\"container\" data-settings=\"{&quot;background_background&quot;:&quot;classic&quot;}\">\n\t\t\t\t<div class=\"elementor-element elementor-element-61be58a elementor-widget__width-inherit elementor-hidden-mobile_extra elementor-hidden-mobile elementor-widget elementor-widget-image\" data-id=\"61be58a\" data-element_type=\"widget\" data-widget_type=\"image.default\">\n\t\t\t\t<div class=\"elementor-widget-container\">\n\t\t\t\t\t\t\t\t\t\t\t\t\t<img fetchpriority=\"high\" decoding=\"async\" width=\"1637\" height=\"500\" src=\"https:\/\/www.mulmix.it\/wp-content\/uploads\/2024\/08\/Raggruppa-598.jpg\" class=\"attachment-full size-full wp-image-2736\" alt=\"\" srcset=\"https:\/\/www.mulmix.it\/wp-content\/uploads\/2024\/08\/Raggruppa-598.jpg 1637w, https:\/\/www.mulmix.it\/wp-content\/uploads\/2024\/08\/Raggruppa-598-300x92.jpg 300w, https:\/\/www.mulmix.it\/wp-content\/uploads\/2024\/08\/Raggruppa-598-1024x313.jpg 1024w, https:\/\/www.mulmix.it\/wp-content\/uploads\/2024\/08\/Raggruppa-598-768x235.jpg 768w, https:\/\/www.mulmix.it\/wp-content\/uploads\/2024\/08\/Raggruppa-598-1536x469.jpg 1536w\" sizes=\"(max-width: 1637px) 100vw, 1637px\" \/>\t\t\t\t\t\t\t\t\t\t\t\t\t<\/div>\n\t\t\t\t<\/div>\n\t\t\t\t<\/div>\n\t\t\t\t\t<\/div>\n\t\t\t\t<\/div>\n\t\t<div class=\"elementor-element elementor-element-63899e4 e-flex e-con-boxed e-con e-parent\" data-id=\"63899e4\" data-element_type=\"container\">\n\t\t\t\t\t<div class=\"e-con-inner\">\n\t\t\t\t<div class=\"elementor-element elementor-element-88e612d elementor-hidden-widescreen elementor-hidden-desktop elementor-hidden-laptop elementor-hidden-tablet_extra elementor-hidden-tablet elementor-hidden-mobile_extra elementor-hidden-mobile elementor-widget elementor-widget-elementskit-button\" data-id=\"88e612d\" data-element_type=\"widget\" data-widget_type=\"elementskit-button.default\">\n\t\t\t\t<div class=\"elementor-widget-container\">\n\t\t\t<div class=\"ekit-wid-con\" >\t\t<div class=\"ekit-btn-wraper\">\n\t\t\t\t\t\t\t<a href=\"#\" class=\"elementskit-btn  whitespace--normal\" id=\"\">\n\t\t\t\t\tScopri di pi\u00f9\t\t\t\t<\/a>\n\t\t\t\t\t<\/div>\n        <\/div>\t\t<\/div>\n\t\t\t\t<\/div>\n\t\t\t\t\t<\/div>\n\t\t\t\t<\/div>\n\t\t<div class=\"elementor-element elementor-element-67a5df1 e-con-full e-flex e-con e-parent\" data-id=\"67a5df1\" data-element_type=\"container\">\n\t\t<div class=\"elementor-element elementor-element-fd0b8a0 e-con-full e-flex e-con e-child\" data-id=\"fd0b8a0\" data-element_type=\"container\" data-settings=\"{&quot;background_background&quot;:&quot;classic&quot;}\">\n\t\t\t\t<div class=\"elementor-element elementor-element-6de1465 elementor-widget elementor-widget-heading\" data-id=\"6de1465\" data-element_type=\"widget\" data-widget_type=\"heading.default\">\n\t\t\t\t<div class=\"elementor-widget-container\">\n\t\t\t<h2 class=\"elementor-heading-title elementor-size-default\">Une \u00e9quipe riche en valeurs<\/h2>\t\t<\/div>\n\t\t\t\t<\/div>\n\t\t\t\t<div class=\"elementor-element elementor-element-83ab358 elementor-widget elementor-widget-heading\" data-id=\"83ab358\" data-element_type=\"widget\" data-widget_type=\"heading.default\">\n\t\t\t\t<div class=\"elementor-widget-container\">\n\t\t\t<h2 class=\"elementor-heading-title elementor-size-default\">\u00c9thique, enthousiasme, curiosit\u00e9 et respect sont les valeurs qui animent l'esprit des personnes travaillant chez Mulmix : la direction a r\u00e9ussi \u00e0 les transmettre au sein de l'entreprise, en faisant les fondements de l'esprit d'\u00e9quipe. Cette orientation, combin\u00e9e \u00e0 l'engagement et \u00e0 l'empathie envers les autres, permet de cr\u00e9er une relation de confiance avec le client qui se fie \u00e0 Mulmix pour la conception, la production et la construction d'installations de stockage, m\u00eame complexes.<\/h2>\t\t<\/div>\n\t\t\t\t<\/div>\n\t\t<div class=\"elementor-element elementor-element-531f3bb e-con-full e-flex e-con e-child\" data-id=\"531f3bb\" data-element_type=\"container\">\n\t\t<div class=\"elementor-element elementor-element-6271ba1 e-con-full e-flex e-con e-child\" data-id=\"6271ba1\" data-element_type=\"container\" data-settings=\"{&quot;background_background&quot;:&quot;classic&quot;}\">\n\t\t\t\t<div class=\"elementor-element elementor-element-9a81375 elementor-widget__width-inherit elementor-hidden-mobile_extra elementor-hidden-mobile elementor-widget elementor-widget-image\" data-id=\"9a81375\" data-element_type=\"widget\" data-widget_type=\"image.default\">\n\t\t\t\t<div class=\"elementor-widget-container\">\n\t\t\t\t\t\t\t\t\t\t\t\t\t<img decoding=\"async\" width=\"827\" height=\"506\" src=\"https:\/\/www.mulmix.it\/wp-content\/uploads\/2024\/08\/img-home2.jpg\" class=\"attachment-full size-full wp-image-2716\" alt=\"\" srcset=\"https:\/\/www.mulmix.it\/wp-content\/uploads\/2024\/08\/img-home2.jpg 827w, https:\/\/www.mulmix.it\/wp-content\/uploads\/2024\/08\/img-home2-300x184.jpg 300w, https:\/\/www.mulmix.it\/wp-content\/uploads\/2024\/08\/img-home2-768x470.jpg 768w\" sizes=\"(max-width: 827px) 100vw, 827px\" \/>\t\t\t\t\t\t\t\t\t\t\t\t\t<\/div>\n\t\t\t\t<\/div>\n\t\t\t\t<\/div>\n\t\t<div class=\"elementor-element elementor-element-64749d3 e-con-full e-flex e-con e-child\" data-id=\"64749d3\" data-element_type=\"container\" data-settings=\"{&quot;background_background&quot;:&quot;classic&quot;}\">\n\t\t\t\t<div class=\"elementor-element elementor-element-3109079 elementor-widget__width-inherit elementor-hidden-mobile_extra elementor-hidden-mobile elementor-widget elementor-widget-image\" data-id=\"3109079\" data-element_type=\"widget\" data-widget_type=\"image.default\">\n\t\t\t\t<div class=\"elementor-widget-container\">\n\t\t\t\t\t\t\t\t\t\t\t\t\t<img decoding=\"async\" width=\"833\" height=\"509\" src=\"https:\/\/www.mulmix.it\/wp-content\/uploads\/2024\/08\/img-mani-home-3.jpg\" class=\"attachment-full size-full wp-image-2717\" alt=\"\" srcset=\"https:\/\/www.mulmix.it\/wp-content\/uploads\/2024\/08\/img-mani-home-3.jpg 833w, https:\/\/www.mulmix.it\/wp-content\/uploads\/2024\/08\/img-mani-home-3-300x183.jpg 300w, https:\/\/www.mulmix.it\/wp-content\/uploads\/2024\/08\/img-mani-home-3-768x469.jpg 768w\" sizes=\"(max-width: 833px) 100vw, 833px\" \/>\t\t\t\t\t\t\t\t\t\t\t\t\t<\/div>\n\t\t\t\t<\/div>\n\t\t\t\t<\/div>\n\t\t\t\t<\/div>\n\t\t\t\t<\/div>\n\t\t\t\t<\/div>\n\t\t\t\t<\/div>\n\t\t","protected":false},"excerpt":{"rendered":"<p>POLITIQUE DE L&rsquo;ENTREPRISE ET CODE D&rsquo;\u00c9THIQUE Installations de stockage sur mesure Mulmix est une entreprise qui regarde l&rsquo;avenir avec confiance et d\u00e9termination gr\u00e2ce \u00e0 une gestion entrepreneuriale comp\u00e9tente et rationnelle dans le secteur des installations de stockage. Mulmix investit constamment dans l&rsquo;innovation des processus industriels et commerciaux pour offrir des solutions de plus en plus [&hellip;]<\/p>\n","protected":false},"author":5,"featured_media":0,"parent":2734,"menu_order":0,"comment_status":"closed","ping_status":"closed","template":"","meta":{"_acf_changed":false,"pgc_sgb_lightbox_settings":"","footnotes":""},"class_list":["post-5480","page","type-page","status-publish","hentry"],"acf":[],"yoast_head":"<!-- This site is optimized with the Yoast SEO plugin v25.8 - https:\/\/yoast.com\/wordpress\/plugins\/seo\/ -->\n<title>Installations de stockage sur mesure - Mulmix<\/title>\n<meta name=\"description\" content=\"L&#039;\u00e9quipe de Mulmix est pr\u00eate \u00e0 offrir les meilleures solutions pour la conception, la production et la construction d&#039;installations de stockage de c\u00e9r\u00e9ales.\" \/>\n<meta name=\"robots\" content=\"index, follow, max-snippet:-1, max-image-preview:large, max-video-preview:-1\" \/>\n<link rel=\"canonical\" href=\"https:\/\/www.mulmix.it\/fr\/entreprise\/politique-de-lentreprise\/\" \/>\n<meta property=\"og:locale\" content=\"fr_FR\" \/>\n<meta property=\"og:type\" content=\"article\" \/>\n<meta property=\"og:title\" content=\"Installations de stockage sur mesure - Mulmix\" \/>\n<meta property=\"og:description\" content=\"L&#039;\u00e9quipe de Mulmix est pr\u00eate \u00e0 offrir les meilleures solutions pour la conception, la production et la construction d&#039;installations de stockage de c\u00e9r\u00e9ales.\" \/>\n<meta property=\"og:url\" content=\"https:\/\/www.mulmix.it\/fr\/entreprise\/politique-de-lentreprise\/\" \/>\n<meta property=\"og:site_name\" content=\"Mulmix\" \/>\n<meta property=\"article:modified_time\" content=\"2025-03-11T10:15:41+00:00\" \/>\n<meta property=\"og:image\" content=\"https:\/\/www.mulmix.it\/wp-content\/uploads\/2024\/08\/Raggruppa-598.jpg\" \/>\n\t<meta property=\"og:image:width\" content=\"1637\" \/>\n\t<meta property=\"og:image:height\" content=\"500\" \/>\n\t<meta property=\"og:image:type\" content=\"image\/jpeg\" \/>\n<meta name=\"twitter:card\" content=\"summary_large_image\" \/>\n<meta name=\"twitter:label1\" content=\"Dur\u00e9e de lecture estim\u00e9e\" \/>\n\t<meta name=\"twitter:data1\" content=\"3 minutes\" \/>\n<script type=\"application\/ld+json\" class=\"yoast-schema-graph\">{\"@context\":\"https:\/\/schema.org\",\"@graph\":[{\"@type\":\"WebPage\",\"@id\":\"https:\/\/www.mulmix.it\/fr\/entreprise\/politique-de-lentreprise\/\",\"url\":\"https:\/\/www.mulmix.it\/fr\/entreprise\/politique-de-lentreprise\/\",\"name\":\"Installations de stockage sur mesure - Mulmix\",\"isPartOf\":{\"@id\":\"https:\/\/www.mulmix.it\/fr\/#website\"},\"primaryImageOfPage\":{\"@id\":\"https:\/\/www.mulmix.it\/fr\/entreprise\/politique-de-lentreprise\/#primaryimage\"},\"image\":{\"@id\":\"https:\/\/www.mulmix.it\/fr\/entreprise\/politique-de-lentreprise\/#primaryimage\"},\"thumbnailUrl\":\"https:\/\/www.mulmix.it\/wp-content\/uploads\/2024\/08\/Raggruppa-598.jpg\",\"datePublished\":\"2024-09-18T10:04:31+00:00\",\"dateModified\":\"2025-03-11T10:15:41+00:00\",\"description\":\"L'\u00e9quipe de Mulmix est pr\u00eate \u00e0 offrir les meilleures solutions pour la conception, la production et la construction d'installations de stockage de c\u00e9r\u00e9ales.\",\"breadcrumb\":{\"@id\":\"https:\/\/www.mulmix.it\/fr\/entreprise\/politique-de-lentreprise\/#breadcrumb\"},\"inLanguage\":\"fr-FR\",\"potentialAction\":[{\"@type\":\"ReadAction\",\"target\":[\"https:\/\/www.mulmix.it\/fr\/entreprise\/politique-de-lentreprise\/\"]}]},{\"@type\":\"ImageObject\",\"inLanguage\":\"fr-FR\",\"@id\":\"https:\/\/www.mulmix.it\/fr\/entreprise\/politique-de-lentreprise\/#primaryimage\",\"url\":\"https:\/\/www.mulmix.it\/wp-content\/uploads\/2024\/08\/Raggruppa-598.jpg\",\"contentUrl\":\"https:\/\/www.mulmix.it\/wp-content\/uploads\/2024\/08\/Raggruppa-598.jpg\"},{\"@type\":\"BreadcrumbList\",\"@id\":\"https:\/\/www.mulmix.it\/fr\/entreprise\/politique-de-lentreprise\/#breadcrumb\",\"itemListElement\":[{\"@type\":\"ListItem\",\"position\":1,\"name\":\"Home\",\"item\":\"https:\/\/www.mulmix.it\/fr\/\"},{\"@type\":\"ListItem\",\"position\":2,\"name\":\"Entreprise\",\"item\":\"https:\/\/www.mulmix.it\/fr\/entreprise\/\"},{\"@type\":\"ListItem\",\"position\":3,\"name\":\"Politique de l&#8217;entreprise\"}]},{\"@type\":\"WebSite\",\"@id\":\"https:\/\/www.mulmix.it\/fr\/#website\",\"url\":\"https:\/\/www.mulmix.it\/fr\/\",\"name\":\"Mulmix\",\"description\":\"\",\"publisher\":{\"@id\":\"https:\/\/www.mulmix.it\/fr\/#organization\"},\"potentialAction\":[{\"@type\":\"SearchAction\",\"target\":{\"@type\":\"EntryPoint\",\"urlTemplate\":\"https:\/\/www.mulmix.it\/fr\/?s={search_term_string}\"},\"query-input\":{\"@type\":\"PropertyValueSpecification\",\"valueRequired\":true,\"valueName\":\"search_term_string\"}}],\"inLanguage\":\"fr-FR\"},{\"@type\":\"Organization\",\"@id\":\"https:\/\/www.mulmix.it\/fr\/#organization\",\"name\":\"Mulmix\",\"url\":\"https:\/\/www.mulmix.it\/fr\/\",\"logo\":{\"@type\":\"ImageObject\",\"inLanguage\":\"fr-FR\",\"@id\":\"https:\/\/www.mulmix.it\/fr\/#\/schema\/logo\/image\/\",\"url\":\"https:\/\/www.mulmix.it\/wp-content\/uploads\/2024\/07\/Raggruppa-596.svg\",\"contentUrl\":\"https:\/\/www.mulmix.it\/wp-content\/uploads\/2024\/07\/Raggruppa-596.svg\",\"width\":163,\"height\":71,\"caption\":\"Mulmix\"},\"image\":{\"@id\":\"https:\/\/www.mulmix.it\/fr\/#\/schema\/logo\/image\/\"}}]}<\/script>\n<!-- \/ Yoast SEO plugin. -->","yoast_head_json":{"title":"Installations de stockage sur mesure - Mulmix","description":"L'\u00e9quipe de Mulmix est pr\u00eate \u00e0 offrir les meilleures solutions pour la conception, la production et la construction d'installations de stockage de c\u00e9r\u00e9ales.","robots":{"index":"index","follow":"follow","max-snippet":"max-snippet:-1","max-image-preview":"max-image-preview:large","max-video-preview":"max-video-preview:-1"},"canonical":"https:\/\/www.mulmix.it\/fr\/entreprise\/politique-de-lentreprise\/","og_locale":"fr_FR","og_type":"article","og_title":"Installations de stockage sur mesure - Mulmix","og_description":"L'\u00e9quipe de Mulmix est pr\u00eate \u00e0 offrir les meilleures solutions pour la conception, la production et la construction d'installations de stockage de c\u00e9r\u00e9ales.","og_url":"https:\/\/www.mulmix.it\/fr\/entreprise\/politique-de-lentreprise\/","og_site_name":"Mulmix","article_modified_time":"2025-03-11T10:15:41+00:00","og_image":[{"width":1637,"height":500,"url":"https:\/\/www.mulmix.it\/wp-content\/uploads\/2024\/08\/Raggruppa-598.jpg","type":"image\/jpeg"}],"twitter_card":"summary_large_image","twitter_misc":{"Dur\u00e9e de lecture estim\u00e9e":"3 minutes"},"schema":{"@context":"https:\/\/schema.org","@graph":[{"@type":"WebPage","@id":"https:\/\/www.mulmix.it\/fr\/entreprise\/politique-de-lentreprise\/","url":"https:\/\/www.mulmix.it\/fr\/entreprise\/politique-de-lentreprise\/","name":"Installations de stockage sur mesure - Mulmix","isPartOf":{"@id":"https:\/\/www.mulmix.it\/fr\/#website"},"primaryImageOfPage":{"@id":"https:\/\/www.mulmix.it\/fr\/entreprise\/politique-de-lentreprise\/#primaryimage"},"image":{"@id":"https:\/\/www.mulmix.it\/fr\/entreprise\/politique-de-lentreprise\/#primaryimage"},"thumbnailUrl":"https:\/\/www.mulmix.it\/wp-content\/uploads\/2024\/08\/Raggruppa-598.jpg","datePublished":"2024-09-18T10:04:31+00:00","dateModified":"2025-03-11T10:15:41+00:00","description":"L'\u00e9quipe de Mulmix est pr\u00eate \u00e0 offrir les meilleures solutions pour la conception, la production et la construction d'installations de stockage de c\u00e9r\u00e9ales.","breadcrumb":{"@id":"https:\/\/www.mulmix.it\/fr\/entreprise\/politique-de-lentreprise\/#breadcrumb"},"inLanguage":"fr-FR","potentialAction":[{"@type":"ReadAction","target":["https:\/\/www.mulmix.it\/fr\/entreprise\/politique-de-lentreprise\/"]}]},{"@type":"ImageObject","inLanguage":"fr-FR","@id":"https:\/\/www.mulmix.it\/fr\/entreprise\/politique-de-lentreprise\/#primaryimage","url":"https:\/\/www.mulmix.it\/wp-content\/uploads\/2024\/08\/Raggruppa-598.jpg","contentUrl":"https:\/\/www.mulmix.it\/wp-content\/uploads\/2024\/08\/Raggruppa-598.jpg"},{"@type":"BreadcrumbList","@id":"https:\/\/www.mulmix.it\/fr\/entreprise\/politique-de-lentreprise\/#breadcrumb","itemListElement":[{"@type":"ListItem","position":1,"name":"Home","item":"https:\/\/www.mulmix.it\/fr\/"},{"@type":"ListItem","position":2,"name":"Entreprise","item":"https:\/\/www.mulmix.it\/fr\/entreprise\/"},{"@type":"ListItem","position":3,"name":"Politique de l&#8217;entreprise"}]},{"@type":"WebSite","@id":"https:\/\/www.mulmix.it\/fr\/#website","url":"https:\/\/www.mulmix.it\/fr\/","name":"Mulmix","description":"","publisher":{"@id":"https:\/\/www.mulmix.it\/fr\/#organization"},"potentialAction":[{"@type":"SearchAction","target":{"@type":"EntryPoint","urlTemplate":"https:\/\/www.mulmix.it\/fr\/?s={search_term_string}"},"query-input":{"@type":"PropertyValueSpecification","valueRequired":true,"valueName":"search_term_string"}}],"inLanguage":"fr-FR"},{"@type":"Organization","@id":"https:\/\/www.mulmix.it\/fr\/#organization","name":"Mulmix","url":"https:\/\/www.mulmix.it\/fr\/","logo":{"@type":"ImageObject","inLanguage":"fr-FR","@id":"https:\/\/www.mulmix.it\/fr\/#\/schema\/logo\/image\/","url":"https:\/\/www.mulmix.it\/wp-content\/uploads\/2024\/07\/Raggruppa-596.svg","contentUrl":"https:\/\/www.mulmix.it\/wp-content\/uploads\/2024\/07\/Raggruppa-596.svg","width":163,"height":71,"caption":"Mulmix"},"image":{"@id":"https:\/\/www.mulmix.it\/fr\/#\/schema\/logo\/image\/"}}]}},"_links":{"self":[{"href":"https:\/\/www.mulmix.it\/fr\/wp-json\/wp\/v2\/pages\/5480","targetHints":{"allow":["GET"]}}],"collection":[{"href":"https:\/\/www.mulmix.it\/fr\/wp-json\/wp\/v2\/pages"}],"about":[{"href":"https:\/\/www.mulmix.it\/fr\/wp-json\/wp\/v2\/types\/page"}],"author":[{"embeddable":true,"href":"https:\/\/www.mulmix.it\/fr\/wp-json\/wp\/v2\/users\/5"}],"replies":[{"embeddable":true,"href":"https:\/\/www.mulmix.it\/fr\/wp-json\/wp\/v2\/comments?post=5480"}],"version-history":[{"count":4,"href":"https:\/\/www.mulmix.it\/fr\/wp-json\/wp\/v2\/pages\/5480\/revisions"}],"predecessor-version":[{"id":5485,"href":"https:\/\/www.mulmix.it\/fr\/wp-json\/wp\/v2\/pages\/5480\/revisions\/5485"}],"up":[{"embeddable":true,"href":"https:\/\/www.mulmix.it\/fr\/wp-json\/wp\/v2\/pages\/2734"}],"wp:attachment":[{"href":"https:\/\/www.mulmix.it\/fr\/wp-json\/wp\/v2\/media?parent=5480"}],"curies":[{"name":"wp","href":"https:\/\/api.w.org\/{rel}","templated":true}]}}