{"id":5184,"date":"2024-08-24T14:57:21","date_gmt":"2024-08-24T12:57:21","guid":{"rendered":"https:\/\/www.mulmix.it\/azienda\/"},"modified":"2025-03-10T15:57:17","modified_gmt":"2025-03-10T14:57:17","slug":"companie","status":"publish","type":"page","link":"https:\/\/www.mulmix.it\/ro\/companie\/","title":{"rendered":"Companie"},"content":{"rendered":"\t\t<div data-elementor-type=\"wp-post\" data-elementor-id=\"5184\" class=\"elementor elementor-5184 elementor-323\" data-elementor-post-type=\"page\">\n\t\t\t\t<div class=\"elementor-element elementor-element-4817f31 e-con-full e-flex e-con e-parent\" data-id=\"4817f31\" data-element_type=\"container\" data-settings=\"{&quot;background_background&quot;:&quot;classic&quot;}\">\n\t\t\t\t<div class=\"elementor-element elementor-element-5cce071 elementor-widget__width-initial elementor-widget-laptop__width-initial elementor-widget-tablet_extra__width-initial elementor-widget-mobile_extra__width-initial elementor-widget elementor-widget-heading\" data-id=\"5cce071\" data-element_type=\"widget\" data-widget_type=\"heading.default\">\n\t\t\t\t<div class=\"elementor-widget-container\">\n\t\t\t<h1 class=\"elementor-heading-title elementor-size-default\">O ISTORIE CARE \u00ceNCEPE CU SILOZURI DE DEPOZITARE A CEREALELOR<\/h1>\t\t<\/div>\n\t\t\t\t<\/div>\n\t\t\t\t<\/div>\n\t\t<div class=\"elementor-element elementor-element-1b6648c e-flex e-con-boxed e-con e-parent\" data-id=\"1b6648c\" data-element_type=\"container\">\n\t\t\t\t\t<div class=\"e-con-inner\">\n\t\t\t\t<div class=\"elementor-element elementor-element-0c44227 elementor-widget elementor-widget-heading\" data-id=\"0c44227\" data-element_type=\"widget\" data-widget_type=\"heading.default\">\n\t\t\t\t<div class=\"elementor-widget-container\">\n\t\t\t<h2 class=\"elementor-heading-title elementor-size-default\">\u00cenfiin\u021barea <\/h2>\t\t<\/div>\n\t\t\t\t<\/div>\n\t\t\t\t<div class=\"elementor-element elementor-element-9d9377b elementor-widget elementor-widget-heading\" data-id=\"9d9377b\" data-element_type=\"widget\" data-widget_type=\"heading.default\">\n\t\t\t\t<div class=\"elementor-widget-container\">\n\t\t\t<h2 class=\"elementor-heading-title elementor-size-default\">Mulmix a fost fondat\u0103 \u00een 1962 \u0219i a f\u0103cut primii pa\u0219i \u00een proiectarea \u0219i produc\u021bia de ma\u0219ini pentru transportul \u0219i cur\u0103\u021barea cerealelor, FNC-uri mici pentru uz zootehnic \u0219i silozuri de depozitare a cerealelor.<\/h2>\t\t<\/div>\n\t\t\t\t<\/div>\n\t\t\t\t<div class=\"elementor-element elementor-element-20a0cb6 elementor-widget elementor-widget-heading\" data-id=\"20a0cb6\" data-element_type=\"widget\" data-widget_type=\"heading.default\">\n\t\t\t\t<div class=\"elementor-widget-container\">\n\t\t\t<h2 class=\"elementor-heading-title elementor-size-default\">Evolu\u021bia<\/h2>\t\t<\/div>\n\t\t\t\t<\/div>\n\t\t<div class=\"elementor-element elementor-element-8b667e1 e-con-full e-flex e-con e-child\" data-id=\"8b667e1\" data-element_type=\"container\">\n\t\t\t\t<div class=\"elementor-element elementor-element-46cd310 elementor-widget__width-initial elementor-widget elementor-widget-heading\" data-id=\"46cd310\" data-element_type=\"widget\" data-widget_type=\"heading.default\">\n\t\t\t\t<div class=\"elementor-widget-container\">\n\t\t\t<h2 class=\"elementor-heading-title elementor-size-default\">O istorie de lider de pia\u021b\u0103<br> \u00een sectorul agroindustrial<\/h2>\t\t<\/div>\n\t\t\t\t<\/div>\n\t\t\t\t<div class=\"elementor-element elementor-element-2ba4000 elementor-widget__width-initial elementor-widget elementor-widget-text-editor\" data-id=\"2ba4000\" data-element_type=\"widget\" data-widget_type=\"text-editor.default\">\n\t\t\t\t<div class=\"elementor-widget-container\">\n\t\t\t\t\t\t\t<p>Marca Mulmix s-a afirmat rapid pe pia\u021ba na\u021bional\u0103 \u0219i interna\u021bional\u0103, devenind un punct de referin\u021b\u0103 pentru sector. \u00cencep\u00e2nd cu 1975, compania a \u00eenceput s\u0103 realizeze proiecte \u0219i instala\u021bii din ce \u00een ce mai complexe pentru agroindustrie, cresc\u00e2nd \u0219i consolid\u00e2ndu-se mai \u00eent\u00e2i \u00een Italia, apoi \u00een \u00eentreaga lume.<\/p>\t\t\t\t\t\t<\/div>\n\t\t\t\t<\/div>\n\t\t\t\t<\/div>\n\t\t\t\t\t<\/div>\n\t\t\t\t<\/div>\n\t\t<div class=\"elementor-element elementor-element-f1feafb e-flex e-con-boxed e-con e-parent\" data-id=\"f1feafb\" data-element_type=\"container\">\n\t\t\t\t\t<div class=\"e-con-inner\">\n\t\t<div class=\"elementor-element elementor-element-01bd497 e-con-full e-flex e-con e-child\" data-id=\"01bd497\" data-element_type=\"container\" data-settings=\"{&quot;background_background&quot;:&quot;classic&quot;}\">\n\t\t\t\t<div class=\"elementor-element elementor-element-61be58a elementor-widget__width-inherit elementor-hidden-mobile_extra elementor-hidden-mobile elementor-widget elementor-widget-image\" data-id=\"61be58a\" data-element_type=\"widget\" data-widget_type=\"image.default\">\n\t\t\t\t<div class=\"elementor-widget-container\">\n\t\t\t\t\t\t\t\t\t\t\t\t\t<img fetchpriority=\"high\" decoding=\"async\" width=\"1637\" height=\"581\" src=\"https:\/\/www.mulmix.it\/wp-content\/uploads\/2024\/09\/azienda-valori.jpg\" class=\"attachment-full size-full wp-image-5187\" alt=\"\" srcset=\"https:\/\/www.mulmix.it\/wp-content\/uploads\/2024\/09\/azienda-valori.jpg 1637w, https:\/\/www.mulmix.it\/wp-content\/uploads\/2024\/09\/azienda-valori-300x106.jpg 300w, https:\/\/www.mulmix.it\/wp-content\/uploads\/2024\/09\/azienda-valori-1024x363.jpg 1024w, https:\/\/www.mulmix.it\/wp-content\/uploads\/2024\/09\/azienda-valori-768x273.jpg 768w, https:\/\/www.mulmix.it\/wp-content\/uploads\/2024\/09\/azienda-valori-1536x545.jpg 1536w\" sizes=\"(max-width: 1637px) 100vw, 1637px\" \/>\t\t\t\t\t\t\t\t\t\t\t\t\t<\/div>\n\t\t\t\t<\/div>\n\t\t\t\t<\/div>\n\t\t\t\t\t<\/div>\n\t\t\t\t<\/div>\n\t\t<div class=\"elementor-element elementor-element-63899e4 e-flex e-con-boxed e-con e-parent\" data-id=\"63899e4\" data-element_type=\"container\">\n\t\t\t\t\t<div class=\"e-con-inner\">\n\t\t\t\t<div class=\"elementor-element elementor-element-88e612d elementor-widget elementor-widget-elementskit-button\" data-id=\"88e612d\" data-element_type=\"widget\" data-widget_type=\"elementskit-button.default\">\n\t\t\t\t<div class=\"elementor-widget-container\">\n\t\t\t<div class=\"ekit-wid-con\" >\t\t<div class=\"ekit-btn-wraper\">\n\t\t\t\t\t\t\t<a href=\"https:\/\/www.mulmix.it\/ro\/companie\/politica-companiei-si-codul-etic\/\" class=\"elementskit-btn  whitespace--normal\" id=\"\">\n\t\t\t\t\tDescoper\u0103 valorile noastre \t\t\t\t<\/a>\n\t\t\t\t\t<\/div>\n        <\/div>\t\t<\/div>\n\t\t\t\t<\/div>\n\t\t\t\t\t<\/div>\n\t\t\t\t<\/div>\n\t\t<div class=\"elementor-element elementor-element-67a5df1 e-con-full e-flex e-con e-parent\" data-id=\"67a5df1\" data-element_type=\"container\">\n\t\t<div class=\"elementor-element elementor-element-fd0b8a0 e-con-full e-flex e-con e-child\" data-id=\"fd0b8a0\" data-element_type=\"container\" data-settings=\"{&quot;background_background&quot;:&quot;classic&quot;}\">\n\t\t\t\t<div class=\"elementor-element elementor-element-6de1465 elementor-widget elementor-widget-heading\" data-id=\"6de1465\" data-element_type=\"widget\" data-widget_type=\"heading.default\">\n\t\t\t\t<div class=\"elementor-widget-container\">\n\t\t\t<h2 class=\"elementor-heading-title elementor-size-default\">Cre\u0219terea<\/h2>\t\t<\/div>\n\t\t\t\t<\/div>\n\t\t\t\t<div class=\"elementor-element elementor-element-83ab358 elementor-widget elementor-widget-heading\" data-id=\"83ab358\" data-element_type=\"widget\" data-widget_type=\"heading.default\">\n\t\t\t\t<div class=\"elementor-widget-container\">\n\t\t\t<h2 class=\"elementor-heading-title elementor-size-default\">Mulmix a reu\u0219it s\u0103 transforme istoria sa \u00eentr-o oportunitate de schimbare pentru a r\u0103spunde provoc\u0103rilor tot mai mari ale pie\u021bei. Expert\u0103 \u0219i inovatoare \u00een produc\u021bia, proiectarea \u0219i instalarea de silozuri de depozitare a cerealelor \u0219i instala\u021bii pentru sectorul agroindustrial, compania se men\u021bine \u00eentotdeauna de v\u00e2rf, propun\u00e2nd solu\u021bii care privesc spre viitor. <\/h2>\t\t<\/div>\n\t\t\t\t<\/div>\n\t\t<div class=\"elementor-element elementor-element-531f3bb e-con-full e-flex e-con e-child\" data-id=\"531f3bb\" data-element_type=\"container\">\n\t\t<div class=\"elementor-element elementor-element-6271ba1 e-con-full e-flex e-con e-child\" data-id=\"6271ba1\" data-element_type=\"container\" data-settings=\"{&quot;background_background&quot;:&quot;classic&quot;}\">\n\t\t\t\t<div class=\"elementor-element elementor-element-9a81375 elementor-widget__width-inherit elementor-hidden-mobile_extra elementor-hidden-mobile elementor-widget elementor-widget-image\" data-id=\"9a81375\" data-element_type=\"widget\" data-widget_type=\"image.default\">\n\t\t\t\t<div class=\"elementor-widget-container\">\n\t\t\t\t\t\t\t\t\t\t\t\t\t<img decoding=\"async\" width=\"820\" height=\"500\" src=\"https:\/\/www.mulmix.it\/wp-content\/uploads\/2024\/09\/azienda_01.jpg\" class=\"attachment-full size-full wp-image-5189\" alt=\"\" srcset=\"https:\/\/www.mulmix.it\/wp-content\/uploads\/2024\/09\/azienda_01.jpg 820w, https:\/\/www.mulmix.it\/wp-content\/uploads\/2024\/09\/azienda_01-300x183.jpg 300w, https:\/\/www.mulmix.it\/wp-content\/uploads\/2024\/09\/azienda_01-768x468.jpg 768w\" sizes=\"(max-width: 820px) 100vw, 820px\" \/>\t\t\t\t\t\t\t\t\t\t\t\t\t<\/div>\n\t\t\t\t<\/div>\n\t\t\t\t<\/div>\n\t\t<div class=\"elementor-element elementor-element-64749d3 e-con-full e-flex e-con e-child\" data-id=\"64749d3\" data-element_type=\"container\" data-settings=\"{&quot;background_background&quot;:&quot;classic&quot;}\">\n\t\t\t\t<div class=\"elementor-element elementor-element-3109079 elementor-widget__width-inherit elementor-hidden-mobile_extra elementor-hidden-mobile elementor-widget elementor-widget-image\" data-id=\"3109079\" data-element_type=\"widget\" data-widget_type=\"image.default\">\n\t\t\t\t<div class=\"elementor-widget-container\">\n\t\t\t\t\t\t\t\t\t\t\t\t\t<img decoding=\"async\" width=\"820\" height=\"500\" src=\"https:\/\/www.mulmix.it\/wp-content\/uploads\/2024\/11\/azienda_02.jpg\" class=\"attachment-full size-full wp-image-2003\" alt=\"azienda\" srcset=\"https:\/\/www.mulmix.it\/wp-content\/uploads\/2024\/11\/azienda_02.jpg 820w, https:\/\/www.mulmix.it\/wp-content\/uploads\/2024\/11\/azienda_02-300x183.jpg 300w, https:\/\/www.mulmix.it\/wp-content\/uploads\/2024\/11\/azienda_02-768x468.jpg 768w\" sizes=\"(max-width: 820px) 100vw, 820px\" \/>\t\t\t\t\t\t\t\t\t\t\t\t\t<\/div>\n\t\t\t\t<\/div>\n\t\t\t\t<\/div>\n\t\t\t\t<\/div>\n\t\t<div class=\"elementor-element elementor-element-3bfc721 e-con-full e-flex e-con e-child\" data-id=\"3bfc721\" data-element_type=\"container\">\n\t\t\t\t<div class=\"elementor-element elementor-element-54bd8c0 elementor-widget elementor-widget-heading\" data-id=\"54bd8c0\" data-element_type=\"widget\" data-widget_type=\"heading.default\">\n\t\t\t\t<div class=\"elementor-widget-container\">\n\t\t\t<h2 class=\"elementor-heading-title elementor-size-default\">Prezen\u021b\u0103 extins\u0103<\/h2>\t\t<\/div>\n\t\t\t\t<\/div>\n\t\t\t\t<div class=\"elementor-element elementor-element-70faf29 elementor-widget__width-initial elementor-widget elementor-widget-heading\" data-id=\"70faf29\" data-element_type=\"widget\" data-widget_type=\"heading.default\">\n\t\t\t\t<div class=\"elementor-widget-container\">\n\t\t\t<h2 class=\"elementor-heading-title elementor-size-default\">Aproape de client \u00een italia \u0219i \u00een str\u0103in\u0103tate<\/h2>\t\t<\/div>\n\t\t\t\t<\/div>\n\t\t\t\t<div class=\"elementor-element elementor-element-12cb22f elementor-widget__width-initial elementor-widget-laptop__width-initial elementor-widget elementor-widget-heading\" data-id=\"12cb22f\" data-element_type=\"widget\" data-widget_type=\"heading.default\">\n\t\t\t\t<div class=\"elementor-widget-container\">\n\t\t\t<h2 class=\"elementor-heading-title elementor-size-default\">Cu peste 60 de ani de experien\u021b\u0103 \u0219i o echip\u0103 competent\u0103 \u0219i profesionist\u0103, Mulmix colaboreaz\u0103 \u00eempreun\u0103 cu clien\u021bii s\u0103i pentru a g\u0103si cele mai potrivite \u0219i avantajoase solu\u021bii pentru afacerea lor. O cunoa\u0219tere profund\u0103 a diferitelor pie\u021be interna\u021bionale, sus\u021binut\u0103 de birouri comerciale \u00een diverse \u021b\u0103ri \u0219i de o prezen\u021b\u0103 capilar\u0103 \u00een teritorii, fac din Mulmix o realitate \u00een continu\u0103 expansiune \u0219i evolu\u021bie.<\/h2>\t\t<\/div>\n\t\t\t\t<\/div>\n\t\t<div class=\"elementor-element elementor-element-ebb28ce e-con-full e-flex e-con e-child\" data-id=\"ebb28ce\" data-element_type=\"container\">\n\t\t\t\t<div class=\"elementor-element elementor-element-5d56ba1 elementor-widget elementor-widget-elementskit-button\" data-id=\"5d56ba1\" data-element_type=\"widget\" data-widget_type=\"elementskit-button.default\">\n\t\t\t\t<div class=\"elementor-widget-container\">\n\t\t\t<div class=\"ekit-wid-con\" >\t\t<div class=\"ekit-btn-wraper\">\n\t\t\t\t\t\t\t<a href=\"https:\/\/www.mulmix.it\/ro\/servicii\/\" class=\"elementskit-btn  whitespace--normal\" id=\"\">\n\t\t\t\t\tDescoper\u0103 serviciile\t\t\t\t<\/a>\n\t\t\t\t\t<\/div>\n        <\/div>\t\t<\/div>\n\t\t\t\t<\/div>\n\t\t\t\t<\/div>\n\t\t\t\t<\/div>\n\t\t\t\t<\/div>\n\t\t\t\t<\/div>\n\t\t\t\t<\/div>\n\t\t","protected":false},"excerpt":{"rendered":"<p>O ISTORIE CARE \u00ceNCEPE CU SILOZURI DE DEPOZITARE A CEREALELOR \u00cenfiin\u021barea Mulmix a fost fondat\u0103 \u00een 1962 \u0219i a f\u0103cut primii pa\u0219i \u00een proiectarea \u0219i produc\u021bia de ma\u0219ini pentru transportul \u0219i cur\u0103\u021barea cerealelor, FNC-uri mici pentru uz zootehnic \u0219i silozuri de depozitare a cerealelor. Evolu\u021bia O istorie de lider de pia\u021b\u0103 \u00een sectorul agroindustrial Marca [&hellip;]<\/p>\n","protected":false},"author":5,"featured_media":0,"parent":0,"menu_order":0,"comment_status":"closed","ping_status":"closed","template":"","meta":{"_acf_changed":false,"pgc_sgb_lightbox_settings":"","footnotes":""},"class_list":["post-5184","page","type-page","status-publish","hentry"],"acf":[],"yoast_head":"<!-- This site is optimized with the Yoast SEO plugin v25.8 - https:\/\/yoast.com\/wordpress\/plugins\/seo\/ -->\n<title>Silozuri de depozitare a cerealelor - Mulmix<\/title>\n<meta name=\"description\" content=\"Mulmix este o companie inovatoare, specializat\u0103 \u00een produc\u021bia, proiectarea \u0219i instalarea de silozuri de depozitare a cerealelor \u0219i de instala\u021bii pentru sectorul agroindustrial.\" \/>\n<meta name=\"robots\" content=\"index, follow, max-snippet:-1, max-image-preview:large, max-video-preview:-1\" \/>\n<link rel=\"canonical\" href=\"https:\/\/www.mulmix.it\/ro\/companie\/\" \/>\n<meta property=\"og:locale\" content=\"ro_RO\" \/>\n<meta property=\"og:type\" content=\"article\" \/>\n<meta property=\"og:title\" content=\"Silozuri de depozitare a cerealelor - Mulmix\" \/>\n<meta property=\"og:description\" content=\"Mulmix este o companie inovatoare, specializat\u0103 \u00een produc\u021bia, proiectarea \u0219i instalarea de silozuri de depozitare a cerealelor \u0219i de instala\u021bii pentru sectorul agroindustrial.\" \/>\n<meta property=\"og:url\" content=\"https:\/\/www.mulmix.it\/ro\/companie\/\" \/>\n<meta property=\"og:site_name\" content=\"Mulmix\" \/>\n<meta property=\"article:modified_time\" content=\"2025-03-10T14:57:17+00:00\" \/>\n<meta property=\"og:image\" content=\"https:\/\/www.mulmix.it\/wp-content\/uploads\/2024\/09\/azienda-valori.jpg\" \/>\n\t<meta property=\"og:image:width\" content=\"1637\" \/>\n\t<meta property=\"og:image:height\" content=\"581\" \/>\n\t<meta property=\"og:image:type\" content=\"image\/jpeg\" \/>\n<meta name=\"twitter:card\" content=\"summary_large_image\" \/>\n<meta name=\"twitter:label1\" content=\"Timp estimat pentru citire\" \/>\n\t<meta name=\"twitter:data1\" content=\"2 minute\" \/>\n<script type=\"application\/ld+json\" class=\"yoast-schema-graph\">{\"@context\":\"https:\/\/schema.org\",\"@graph\":[{\"@type\":\"WebPage\",\"@id\":\"https:\/\/www.mulmix.it\/ro\/companie\/\",\"url\":\"https:\/\/www.mulmix.it\/ro\/companie\/\",\"name\":\"Silozuri de depozitare a cerealelor - Mulmix\",\"isPartOf\":{\"@id\":\"https:\/\/www.mulmix.it\/ro\/#website\"},\"primaryImageOfPage\":{\"@id\":\"https:\/\/www.mulmix.it\/ro\/companie\/#primaryimage\"},\"image\":{\"@id\":\"https:\/\/www.mulmix.it\/ro\/companie\/#primaryimage\"},\"thumbnailUrl\":\"https:\/\/www.mulmix.it\/wp-content\/uploads\/2024\/09\/azienda-valori.jpg\",\"datePublished\":\"2024-08-24T12:57:21+00:00\",\"dateModified\":\"2025-03-10T14:57:17+00:00\",\"description\":\"Mulmix este o companie inovatoare, specializat\u0103 \u00een produc\u021bia, proiectarea \u0219i instalarea de silozuri de depozitare a cerealelor \u0219i de instala\u021bii pentru sectorul agroindustrial.\",\"breadcrumb\":{\"@id\":\"https:\/\/www.mulmix.it\/ro\/companie\/#breadcrumb\"},\"inLanguage\":\"ro-RO\",\"potentialAction\":[{\"@type\":\"ReadAction\",\"target\":[\"https:\/\/www.mulmix.it\/ro\/companie\/\"]}]},{\"@type\":\"ImageObject\",\"inLanguage\":\"ro-RO\",\"@id\":\"https:\/\/www.mulmix.it\/ro\/companie\/#primaryimage\",\"url\":\"https:\/\/www.mulmix.it\/wp-content\/uploads\/2024\/09\/azienda-valori.jpg\",\"contentUrl\":\"https:\/\/www.mulmix.it\/wp-content\/uploads\/2024\/09\/azienda-valori.jpg\"},{\"@type\":\"BreadcrumbList\",\"@id\":\"https:\/\/www.mulmix.it\/ro\/companie\/#breadcrumb\",\"itemListElement\":[{\"@type\":\"ListItem\",\"position\":1,\"name\":\"Home\",\"item\":\"https:\/\/www.mulmix.it\/ro\/\"},{\"@type\":\"ListItem\",\"position\":2,\"name\":\"Companie\"}]},{\"@type\":\"WebSite\",\"@id\":\"https:\/\/www.mulmix.it\/ro\/#website\",\"url\":\"https:\/\/www.mulmix.it\/ro\/\",\"name\":\"Mulmix\",\"description\":\"\",\"publisher\":{\"@id\":\"https:\/\/www.mulmix.it\/ro\/#organization\"},\"potentialAction\":[{\"@type\":\"SearchAction\",\"target\":{\"@type\":\"EntryPoint\",\"urlTemplate\":\"https:\/\/www.mulmix.it\/ro\/?s={search_term_string}\"},\"query-input\":{\"@type\":\"PropertyValueSpecification\",\"valueRequired\":true,\"valueName\":\"search_term_string\"}}],\"inLanguage\":\"ro-RO\"},{\"@type\":\"Organization\",\"@id\":\"https:\/\/www.mulmix.it\/ro\/#organization\",\"name\":\"Mulmix\",\"url\":\"https:\/\/www.mulmix.it\/ro\/\",\"logo\":{\"@type\":\"ImageObject\",\"inLanguage\":\"ro-RO\",\"@id\":\"https:\/\/www.mulmix.it\/ro\/#\/schema\/logo\/image\/\",\"url\":\"https:\/\/www.mulmix.it\/wp-content\/uploads\/2024\/07\/Raggruppa-596.svg\",\"contentUrl\":\"https:\/\/www.mulmix.it\/wp-content\/uploads\/2024\/07\/Raggruppa-596.svg\",\"width\":163,\"height\":71,\"caption\":\"Mulmix\"},\"image\":{\"@id\":\"https:\/\/www.mulmix.it\/ro\/#\/schema\/logo\/image\/\"}}]}<\/script>\n<!-- \/ Yoast SEO plugin. -->","yoast_head_json":{"title":"Silozuri de depozitare a cerealelor - Mulmix","description":"Mulmix este o companie inovatoare, specializat\u0103 \u00een produc\u021bia, proiectarea \u0219i instalarea de silozuri de depozitare a cerealelor \u0219i de instala\u021bii pentru sectorul agroindustrial.","robots":{"index":"index","follow":"follow","max-snippet":"max-snippet:-1","max-image-preview":"max-image-preview:large","max-video-preview":"max-video-preview:-1"},"canonical":"https:\/\/www.mulmix.it\/ro\/companie\/","og_locale":"ro_RO","og_type":"article","og_title":"Silozuri de depozitare a cerealelor - Mulmix","og_description":"Mulmix este o companie inovatoare, specializat\u0103 \u00een produc\u021bia, proiectarea \u0219i instalarea de silozuri de depozitare a cerealelor \u0219i de instala\u021bii pentru sectorul agroindustrial.","og_url":"https:\/\/www.mulmix.it\/ro\/companie\/","og_site_name":"Mulmix","article_modified_time":"2025-03-10T14:57:17+00:00","og_image":[{"width":1637,"height":581,"url":"https:\/\/www.mulmix.it\/wp-content\/uploads\/2024\/09\/azienda-valori.jpg","type":"image\/jpeg"}],"twitter_card":"summary_large_image","twitter_misc":{"Timp estimat pentru citire":"2 minute"},"schema":{"@context":"https:\/\/schema.org","@graph":[{"@type":"WebPage","@id":"https:\/\/www.mulmix.it\/ro\/companie\/","url":"https:\/\/www.mulmix.it\/ro\/companie\/","name":"Silozuri de depozitare a cerealelor - Mulmix","isPartOf":{"@id":"https:\/\/www.mulmix.it\/ro\/#website"},"primaryImageOfPage":{"@id":"https:\/\/www.mulmix.it\/ro\/companie\/#primaryimage"},"image":{"@id":"https:\/\/www.mulmix.it\/ro\/companie\/#primaryimage"},"thumbnailUrl":"https:\/\/www.mulmix.it\/wp-content\/uploads\/2024\/09\/azienda-valori.jpg","datePublished":"2024-08-24T12:57:21+00:00","dateModified":"2025-03-10T14:57:17+00:00","description":"Mulmix este o companie inovatoare, specializat\u0103 \u00een produc\u021bia, proiectarea \u0219i instalarea de silozuri de depozitare a cerealelor \u0219i de instala\u021bii pentru sectorul agroindustrial.","breadcrumb":{"@id":"https:\/\/www.mulmix.it\/ro\/companie\/#breadcrumb"},"inLanguage":"ro-RO","potentialAction":[{"@type":"ReadAction","target":["https:\/\/www.mulmix.it\/ro\/companie\/"]}]},{"@type":"ImageObject","inLanguage":"ro-RO","@id":"https:\/\/www.mulmix.it\/ro\/companie\/#primaryimage","url":"https:\/\/www.mulmix.it\/wp-content\/uploads\/2024\/09\/azienda-valori.jpg","contentUrl":"https:\/\/www.mulmix.it\/wp-content\/uploads\/2024\/09\/azienda-valori.jpg"},{"@type":"BreadcrumbList","@id":"https:\/\/www.mulmix.it\/ro\/companie\/#breadcrumb","itemListElement":[{"@type":"ListItem","position":1,"name":"Home","item":"https:\/\/www.mulmix.it\/ro\/"},{"@type":"ListItem","position":2,"name":"Companie"}]},{"@type":"WebSite","@id":"https:\/\/www.mulmix.it\/ro\/#website","url":"https:\/\/www.mulmix.it\/ro\/","name":"Mulmix","description":"","publisher":{"@id":"https:\/\/www.mulmix.it\/ro\/#organization"},"potentialAction":[{"@type":"SearchAction","target":{"@type":"EntryPoint","urlTemplate":"https:\/\/www.mulmix.it\/ro\/?s={search_term_string}"},"query-input":{"@type":"PropertyValueSpecification","valueRequired":true,"valueName":"search_term_string"}}],"inLanguage":"ro-RO"},{"@type":"Organization","@id":"https:\/\/www.mulmix.it\/ro\/#organization","name":"Mulmix","url":"https:\/\/www.mulmix.it\/ro\/","logo":{"@type":"ImageObject","inLanguage":"ro-RO","@id":"https:\/\/www.mulmix.it\/ro\/#\/schema\/logo\/image\/","url":"https:\/\/www.mulmix.it\/wp-content\/uploads\/2024\/07\/Raggruppa-596.svg","contentUrl":"https:\/\/www.mulmix.it\/wp-content\/uploads\/2024\/07\/Raggruppa-596.svg","width":163,"height":71,"caption":"Mulmix"},"image":{"@id":"https:\/\/www.mulmix.it\/ro\/#\/schema\/logo\/image\/"}}]}},"_links":{"self":[{"href":"https:\/\/www.mulmix.it\/ro\/wp-json\/wp\/v2\/pages\/5184","targetHints":{"allow":["GET"]}}],"collection":[{"href":"https:\/\/www.mulmix.it\/ro\/wp-json\/wp\/v2\/pages"}],"about":[{"href":"https:\/\/www.mulmix.it\/ro\/wp-json\/wp\/v2\/types\/page"}],"author":[{"embeddable":true,"href":"https:\/\/www.mulmix.it\/ro\/wp-json\/wp\/v2\/users\/5"}],"replies":[{"embeddable":true,"href":"https:\/\/www.mulmix.it\/ro\/wp-json\/wp\/v2\/comments?post=5184"}],"version-history":[{"count":7,"href":"https:\/\/www.mulmix.it\/ro\/wp-json\/wp\/v2\/pages\/5184\/revisions"}],"predecessor-version":[{"id":5413,"href":"https:\/\/www.mulmix.it\/ro\/wp-json\/wp\/v2\/pages\/5184\/revisions\/5413"}],"wp:attachment":[{"href":"https:\/\/www.mulmix.it\/ro\/wp-json\/wp\/v2\/media?parent=5184"}],"curies":[{"name":"wp","href":"https:\/\/api.w.org\/{rel}","templated":true}]}}