{"id":5215,"date":"2024-09-18T12:04:31","date_gmt":"2024-09-18T10:04:31","guid":{"rendered":"https:\/\/www.mulmix.it\/azienda\/politica-aziendale\/"},"modified":"2025-05-07T10:11:11","modified_gmt":"2025-05-07T08:11:11","slug":"politica-companiei-si-codul-etic","status":"publish","type":"page","link":"https:\/\/www.mulmix.it\/ro\/companie\/politica-companiei-si-codul-etic\/","title":{"rendered":"Politica companiei \u0219i codul etic"},"content":{"rendered":"\t\t<div data-elementor-type=\"wp-post\" data-elementor-id=\"5215\" class=\"elementor elementor-5215 elementor-1209\" data-elementor-post-type=\"page\">\n\t\t\t\t<div class=\"elementor-element elementor-element-4817f31 e-con-full e-flex e-con e-parent\" data-id=\"4817f31\" data-element_type=\"container\" data-settings=\"{&quot;background_background&quot;:&quot;classic&quot;}\">\n\t\t\t\t<div class=\"elementor-element elementor-element-5cce071 elementor-widget__width-initial elementor-widget-laptop__width-initial elementor-widget-tablet_extra__width-initial elementor-widget-tablet__width-initial elementor-widget elementor-widget-heading\" data-id=\"5cce071\" data-element_type=\"widget\" data-widget_type=\"heading.default\">\n\t\t\t\t<div class=\"elementor-widget-container\">\n\t\t\t<h1 class=\"elementor-heading-title elementor-size-default\">Politica companiei \u0219i codul etic<\/h1>\t\t<\/div>\n\t\t\t\t<\/div>\n\t\t\t\t<\/div>\n\t\t<div class=\"elementor-element elementor-element-1b6648c e-flex e-con-boxed e-con e-parent\" data-id=\"1b6648c\" data-element_type=\"container\">\n\t\t\t\t\t<div class=\"e-con-inner\">\n\t\t\t\t<div class=\"elementor-element elementor-element-0c44227 elementor-widget elementor-widget-heading\" data-id=\"0c44227\" data-element_type=\"widget\" data-widget_type=\"heading.default\">\n\t\t\t\t<div class=\"elementor-widget-container\">\n\t\t\t<h2 class=\"elementor-heading-title elementor-size-default\">Instala\u021bii de depozitare personalizate<\/h2>\t\t<\/div>\n\t\t\t\t<\/div>\n\t\t\t\t<div class=\"elementor-element elementor-element-9d9377b elementor-widget elementor-widget-heading\" data-id=\"9d9377b\" data-element_type=\"widget\" data-widget_type=\"heading.default\">\n\t\t\t\t<div class=\"elementor-widget-container\">\n\t\t\t<h2 class=\"elementor-heading-title elementor-size-default\">Mulmix este o companie care prive\u0219te spre viitor cu \u00eencredere \u0219i determinare datorit\u0103 unei gestion\u0103ri antreprenoriale competente \u0219i ra\u021bionale \u00een sectorul instala\u021biilor de depozitare. Mulmix investe\u0219te constant \u00een inovarea proceselor industriale \u0219i de afaceri, pentru a oferi solu\u021bii din ce \u00een ce mai avansate \u0219i competitive. Sectorul comercial, cu o echip\u0103 calificat\u0103 \u0219i profesionist\u0103, este prezent \u00een diverse teritorii cu birouri dedicate \u0219i organiza\u021bii locale, permi\u021b\u00e2nd companiei s\u0103 \u00eenfrunte cu succes diversele provoc\u0103ri ale pie\u021bei. Aceast\u0103 structur\u0103 extins\u0103 garanteaz\u0103 un contact uman direct \u0219i personalizat cu clien\u021bii care cer din ce \u00een ce mai mult\u0103 proximitate \u0219i fiabilitate.<\/h2>\t\t<\/div>\n\t\t\t\t<\/div>\n\t\t\t\t<div class=\"elementor-element elementor-element-20a0cb6 elementor-widget elementor-widget-heading\" data-id=\"20a0cb6\" data-element_type=\"widget\" data-widget_type=\"heading.default\">\n\t\t\t\t<div class=\"elementor-widget-container\">\n\t\t\t<h2 class=\"elementor-heading-title elementor-size-default\">Protec\u021bie maxim\u0103 pentru persoane<\/h2>\t\t<\/div>\n\t\t\t\t<\/div>\n\t\t<div class=\"elementor-element elementor-element-8b667e1 e-con-full e-flex e-con e-child\" data-id=\"8b667e1\" data-element_type=\"container\">\n\t\t\t\t<div class=\"elementor-element elementor-element-2ba4000 elementor-widget elementor-widget-text-editor\" data-id=\"2ba4000\" data-element_type=\"widget\" data-widget_type=\"text-editor.default\">\n\t\t\t\t<div class=\"elementor-widget-container\">\n\t\t\t\t\t\t\t<p>Mulmix ofer\u0103 clien\u021bilor s\u0103i un serviciu de calitate,\u00a0 bazat pe o filozofie care vizeaz\u0103 prevenirea \u0219i eliminarea oric\u0103rui defect \u0219i\/sau accident, pentru a proteja persoanele, instala\u021biile, echipamentele \u0219i mediul \u00eenconjur\u0103tor. Integritatea \u0219i respectul sunt principiile fundamentale ale filozofiei companiei \u0219i, din acest motiv, Mulmix acord\u0103 o mare aten\u021bie diverselor aspecte, cum ar fi:<\/p><ul><li>verificarea faptului c\u0103 tehnicienii \u0219i supervizorii respect\u0103 legisla\u021biile \u0219i con\u0219tientizarea acestora cu privire la culturile \u0219i tradi\u021biile \u021b\u0103rilor \u00een care opereaz\u0103 \u0219i unde sunt prezente \u0219antierele;<\/li><li>adoptarea metodelor de lucru \u0219i a \u201ebunelor practici\u201d pentru a garanta siguran\u021ba personalului;<\/li><li>Implicarea p\u0103r\u021bilor interesate prin furnizarea tuturor informa\u021biilor necesare pentru a le permite s\u0103 \u00ee\u0219i desf\u0103\u0219oare activitatea \u00een cele mai bune condi\u021bii \u0219i f\u0103r\u0103 riscuri.<\/li><\/ul><p>\u00a0Mulmix se angajeaz\u0103, de asemenea, s\u0103 fac\u0103 din birourile \u0219i \u0219antierele sale locuri sigure \u00een care s\u0103 se lucreze, deoarece consider\u0103 c\u0103 oamenii sunt cea mai pre\u021bioas\u0103 resurs\u0103 pentru companie, care trebuie protejat\u0103 \u0219i respectat\u0103.<\/p>\t\t\t\t\t\t<\/div>\n\t\t\t\t<\/div>\n\t\t\t\t<\/div>\n\t\t\t\t\t<\/div>\n\t\t\t\t<\/div>\n\t\t<div class=\"elementor-element elementor-element-f1feafb e-flex e-con-boxed e-con e-parent\" data-id=\"f1feafb\" data-element_type=\"container\">\n\t\t\t\t\t<div class=\"e-con-inner\">\n\t\t<div class=\"elementor-element elementor-element-01bd497 e-con-full e-flex e-con e-child\" data-id=\"01bd497\" data-element_type=\"container\" data-settings=\"{&quot;background_background&quot;:&quot;classic&quot;}\">\n\t\t\t\t<div class=\"elementor-element elementor-element-61be58a elementor-widget__width-inherit elementor-hidden-mobile_extra elementor-hidden-mobile elementor-widget elementor-widget-image\" data-id=\"61be58a\" data-element_type=\"widget\" data-widget_type=\"image.default\">\n\t\t\t\t<div class=\"elementor-widget-container\">\n\t\t\t\t\t\t\t\t\t\t\t\t\t<img fetchpriority=\"high\" decoding=\"async\" width=\"1637\" height=\"500\" src=\"https:\/\/www.mulmix.it\/wp-content\/uploads\/2024\/08\/Raggruppa-598.jpg\" class=\"attachment-full size-full wp-image-5186\" alt=\"\" srcset=\"https:\/\/www.mulmix.it\/wp-content\/uploads\/2024\/08\/Raggruppa-598.jpg 1637w, https:\/\/www.mulmix.it\/wp-content\/uploads\/2024\/08\/Raggruppa-598-300x92.jpg 300w, https:\/\/www.mulmix.it\/wp-content\/uploads\/2024\/08\/Raggruppa-598-1024x313.jpg 1024w, https:\/\/www.mulmix.it\/wp-content\/uploads\/2024\/08\/Raggruppa-598-768x235.jpg 768w, https:\/\/www.mulmix.it\/wp-content\/uploads\/2024\/08\/Raggruppa-598-1536x469.jpg 1536w\" sizes=\"(max-width: 1637px) 100vw, 1637px\" \/>\t\t\t\t\t\t\t\t\t\t\t\t\t<\/div>\n\t\t\t\t<\/div>\n\t\t\t\t<\/div>\n\t\t\t\t\t<\/div>\n\t\t\t\t<\/div>\n\t\t<div class=\"elementor-element elementor-element-63899e4 e-flex e-con-boxed e-con e-parent\" data-id=\"63899e4\" data-element_type=\"container\">\n\t\t\t\t\t<div class=\"e-con-inner\">\n\t\t\t\t<div class=\"elementor-element elementor-element-88e612d elementor-hidden-widescreen elementor-hidden-desktop elementor-hidden-laptop elementor-hidden-tablet_extra elementor-hidden-tablet elementor-hidden-mobile_extra elementor-hidden-mobile elementor-widget elementor-widget-elementskit-button\" data-id=\"88e612d\" data-element_type=\"widget\" data-widget_type=\"elementskit-button.default\">\n\t\t\t\t<div class=\"elementor-widget-container\">\n\t\t\t<div class=\"ekit-wid-con\" >\t\t<div class=\"ekit-btn-wraper\">\n\t\t\t\t\t\t\t<a href=\"#\" class=\"elementskit-btn  whitespace--normal\" id=\"\">\n\t\t\t\t\tScopri di pi\u00f9\t\t\t\t<\/a>\n\t\t\t\t\t<\/div>\n        <\/div>\t\t<\/div>\n\t\t\t\t<\/div>\n\t\t\t\t\t<\/div>\n\t\t\t\t<\/div>\n\t\t<div class=\"elementor-element elementor-element-67a5df1 e-con-full e-flex e-con e-parent\" data-id=\"67a5df1\" data-element_type=\"container\">\n\t\t<div class=\"elementor-element elementor-element-fd0b8a0 e-con-full e-flex e-con e-child\" data-id=\"fd0b8a0\" data-element_type=\"container\" data-settings=\"{&quot;background_background&quot;:&quot;classic&quot;}\">\n\t\t\t\t<div class=\"elementor-element elementor-element-6de1465 elementor-widget elementor-widget-heading\" data-id=\"6de1465\" data-element_type=\"widget\" data-widget_type=\"heading.default\">\n\t\t\t\t<div class=\"elementor-widget-container\">\n\t\t\t<h2 class=\"elementor-heading-title elementor-size-default\">O echip\u0103 bogat\u0103 \u00een valori<\/h2>\t\t<\/div>\n\t\t\t\t<\/div>\n\t\t\t\t<div class=\"elementor-element elementor-element-83ab358 elementor-widget elementor-widget-heading\" data-id=\"83ab358\" data-element_type=\"widget\" data-widget_type=\"heading.default\">\n\t\t\t\t<div class=\"elementor-widget-container\">\n\t\t\t<h2 class=\"elementor-heading-title elementor-size-default\">Etica, entuziasmul, curiozitatea \u0219i respectul sunt valorile care anim\u0103 spiritul oamenilor care lucreaz\u0103 la Mulmix: conducerea a reu\u0219it s\u0103 le transmit\u0103 \u00een cadrul companiei, f\u0103c\u00e2ndu-le s\u0103 devin\u0103 fundamentul spiritului de echip\u0103. Aceast\u0103 orientare, combinat\u0103 cu angajamentul \u0219i empatia fa\u021b\u0103 de ceilal\u021bi, permite crearea unei rela\u021bii de \u00eencredere cu clientul, care se bazeaz\u0103 pe Mulmix pentru proiectarea, produc\u021bia \u0219i construc\u021bia de sisteme de depozitare, chiar \u0219i complexe.<\/h2>\t\t<\/div>\n\t\t\t\t<\/div>\n\t\t<div class=\"elementor-element elementor-element-531f3bb e-con-full e-flex e-con e-child\" data-id=\"531f3bb\" data-element_type=\"container\">\n\t\t<div class=\"elementor-element elementor-element-6271ba1 e-con-full e-flex e-con e-child\" data-id=\"6271ba1\" data-element_type=\"container\" data-settings=\"{&quot;background_background&quot;:&quot;classic&quot;}\">\n\t\t\t\t<div class=\"elementor-element elementor-element-9a81375 elementor-widget__width-inherit elementor-hidden-mobile_extra elementor-hidden-mobile elementor-widget elementor-widget-image\" data-id=\"9a81375\" data-element_type=\"widget\" data-widget_type=\"image.default\">\n\t\t\t\t<div class=\"elementor-widget-container\">\n\t\t\t\t\t\t\t\t\t\t\t\t\t<img decoding=\"async\" width=\"827\" height=\"506\" src=\"https:\/\/www.mulmix.it\/wp-content\/uploads\/2024\/08\/img-home2.jpg\" class=\"attachment-full size-full wp-image-5149\" alt=\"\" srcset=\"https:\/\/www.mulmix.it\/wp-content\/uploads\/2024\/08\/img-home2.jpg 827w, https:\/\/www.mulmix.it\/wp-content\/uploads\/2024\/08\/img-home2-300x184.jpg 300w, https:\/\/www.mulmix.it\/wp-content\/uploads\/2024\/08\/img-home2-768x470.jpg 768w\" sizes=\"(max-width: 827px) 100vw, 827px\" \/>\t\t\t\t\t\t\t\t\t\t\t\t\t<\/div>\n\t\t\t\t<\/div>\n\t\t\t\t<\/div>\n\t\t<div class=\"elementor-element elementor-element-64749d3 e-con-full e-flex e-con e-child\" data-id=\"64749d3\" data-element_type=\"container\" data-settings=\"{&quot;background_background&quot;:&quot;classic&quot;}\">\n\t\t\t\t<div class=\"elementor-element elementor-element-3109079 elementor-widget__width-inherit elementor-hidden-mobile_extra elementor-hidden-mobile elementor-widget elementor-widget-image\" data-id=\"3109079\" data-element_type=\"widget\" data-widget_type=\"image.default\">\n\t\t\t\t<div class=\"elementor-widget-container\">\n\t\t\t\t\t\t\t\t\t\t\t\t\t<img decoding=\"async\" width=\"833\" height=\"509\" src=\"https:\/\/www.mulmix.it\/wp-content\/uploads\/2024\/08\/img-mani-home-3.jpg\" class=\"attachment-full size-full wp-image-5150\" alt=\"\" srcset=\"https:\/\/www.mulmix.it\/wp-content\/uploads\/2024\/08\/img-mani-home-3.jpg 833w, https:\/\/www.mulmix.it\/wp-content\/uploads\/2024\/08\/img-mani-home-3-300x183.jpg 300w, https:\/\/www.mulmix.it\/wp-content\/uploads\/2024\/08\/img-mani-home-3-768x469.jpg 768w\" sizes=\"(max-width: 833px) 100vw, 833px\" \/>\t\t\t\t\t\t\t\t\t\t\t\t\t<\/div>\n\t\t\t\t<\/div>\n\t\t\t\t<\/div>\n\t\t\t\t<\/div>\n\t\t\t\t<\/div>\n\t\t\t\t<\/div>\n\t\t\t\t<\/div>\n\t\t","protected":false},"excerpt":{"rendered":"<p>Politica companiei \u0219i codul etic Instala\u021bii de depozitare personalizate Mulmix este o companie care prive\u0219te spre viitor cu \u00eencredere \u0219i determinare datorit\u0103 unei gestion\u0103ri antreprenoriale competente \u0219i ra\u021bionale \u00een sectorul instala\u021biilor de depozitare. Mulmix investe\u0219te constant \u00een inovarea proceselor industriale \u0219i de afaceri, pentru a oferi solu\u021bii din ce \u00een ce mai avansate \u0219i competitive. [&hellip;]<\/p>\n","protected":false},"author":5,"featured_media":0,"parent":5184,"menu_order":0,"comment_status":"closed","ping_status":"closed","template":"","meta":{"_acf_changed":false,"pgc_sgb_lightbox_settings":"","footnotes":""},"class_list":["post-5215","page","type-page","status-publish","hentry"],"acf":[],"yoast_head":"<!-- This site is optimized with the Yoast SEO plugin v25.8 - https:\/\/yoast.com\/wordpress\/plugins\/seo\/ -->\n<title>Instala\u021bii de depozitare personalizate - Mulmix<\/title>\n<meta name=\"description\" content=\"Echipa Mulmix este gata s\u0103 ofere cele mai bune solu\u021bii pentru proiectarea, produc\u021bia \u0219i construc\u021bia instala\u021biilor de depozitare a cerealelor\" \/>\n<meta name=\"robots\" content=\"index, follow, max-snippet:-1, max-image-preview:large, max-video-preview:-1\" \/>\n<link rel=\"canonical\" href=\"https:\/\/www.mulmix.it\/ro\/companie\/politica-companiei-si-codul-etic\/\" \/>\n<meta property=\"og:locale\" content=\"ro_RO\" \/>\n<meta property=\"og:type\" content=\"article\" \/>\n<meta property=\"og:title\" content=\"Instala\u021bii de depozitare personalizate - Mulmix\" \/>\n<meta property=\"og:description\" content=\"Echipa Mulmix este gata s\u0103 ofere cele mai bune solu\u021bii pentru proiectarea, produc\u021bia \u0219i construc\u021bia instala\u021biilor de depozitare a cerealelor\" \/>\n<meta property=\"og:url\" content=\"https:\/\/www.mulmix.it\/ro\/companie\/politica-companiei-si-codul-etic\/\" \/>\n<meta property=\"og:site_name\" content=\"Mulmix\" \/>\n<meta property=\"article:modified_time\" content=\"2025-05-07T08:11:11+00:00\" \/>\n<meta property=\"og:image\" content=\"https:\/\/www.mulmix.it\/wp-content\/uploads\/2024\/08\/Raggruppa-598.jpg\" \/>\n\t<meta property=\"og:image:width\" content=\"1637\" \/>\n\t<meta property=\"og:image:height\" content=\"500\" \/>\n\t<meta property=\"og:image:type\" content=\"image\/jpeg\" \/>\n<meta name=\"twitter:card\" content=\"summary_large_image\" \/>\n<meta name=\"twitter:label1\" content=\"Timp estimat pentru citire\" \/>\n\t<meta name=\"twitter:data1\" content=\"3 minute\" \/>\n<script type=\"application\/ld+json\" class=\"yoast-schema-graph\">{\"@context\":\"https:\/\/schema.org\",\"@graph\":[{\"@type\":\"WebPage\",\"@id\":\"https:\/\/www.mulmix.it\/ro\/companie\/politica-companiei-si-codul-etic\/\",\"url\":\"https:\/\/www.mulmix.it\/ro\/companie\/politica-companiei-si-codul-etic\/\",\"name\":\"Instala\u021bii de depozitare personalizate - Mulmix\",\"isPartOf\":{\"@id\":\"https:\/\/www.mulmix.it\/ro\/#website\"},\"primaryImageOfPage\":{\"@id\":\"https:\/\/www.mulmix.it\/ro\/companie\/politica-companiei-si-codul-etic\/#primaryimage\"},\"image\":{\"@id\":\"https:\/\/www.mulmix.it\/ro\/companie\/politica-companiei-si-codul-etic\/#primaryimage\"},\"thumbnailUrl\":\"https:\/\/www.mulmix.it\/wp-content\/uploads\/2024\/08\/Raggruppa-598.jpg\",\"datePublished\":\"2024-09-18T10:04:31+00:00\",\"dateModified\":\"2025-05-07T08:11:11+00:00\",\"description\":\"Echipa Mulmix este gata s\u0103 ofere cele mai bune solu\u021bii pentru proiectarea, produc\u021bia \u0219i construc\u021bia instala\u021biilor de depozitare a cerealelor\",\"breadcrumb\":{\"@id\":\"https:\/\/www.mulmix.it\/ro\/companie\/politica-companiei-si-codul-etic\/#breadcrumb\"},\"inLanguage\":\"ro-RO\",\"potentialAction\":[{\"@type\":\"ReadAction\",\"target\":[\"https:\/\/www.mulmix.it\/ro\/companie\/politica-companiei-si-codul-etic\/\"]}]},{\"@type\":\"ImageObject\",\"inLanguage\":\"ro-RO\",\"@id\":\"https:\/\/www.mulmix.it\/ro\/companie\/politica-companiei-si-codul-etic\/#primaryimage\",\"url\":\"https:\/\/www.mulmix.it\/wp-content\/uploads\/2024\/08\/Raggruppa-598.jpg\",\"contentUrl\":\"https:\/\/www.mulmix.it\/wp-content\/uploads\/2024\/08\/Raggruppa-598.jpg\"},{\"@type\":\"BreadcrumbList\",\"@id\":\"https:\/\/www.mulmix.it\/ro\/companie\/politica-companiei-si-codul-etic\/#breadcrumb\",\"itemListElement\":[{\"@type\":\"ListItem\",\"position\":1,\"name\":\"Home\",\"item\":\"https:\/\/www.mulmix.it\/ro\/\"},{\"@type\":\"ListItem\",\"position\":2,\"name\":\"Companie\",\"item\":\"https:\/\/www.mulmix.it\/ro\/companie\/\"},{\"@type\":\"ListItem\",\"position\":3,\"name\":\"Politica companiei \u0219i codul etic\"}]},{\"@type\":\"WebSite\",\"@id\":\"https:\/\/www.mulmix.it\/ro\/#website\",\"url\":\"https:\/\/www.mulmix.it\/ro\/\",\"name\":\"Mulmix\",\"description\":\"\",\"publisher\":{\"@id\":\"https:\/\/www.mulmix.it\/ro\/#organization\"},\"potentialAction\":[{\"@type\":\"SearchAction\",\"target\":{\"@type\":\"EntryPoint\",\"urlTemplate\":\"https:\/\/www.mulmix.it\/ro\/?s={search_term_string}\"},\"query-input\":{\"@type\":\"PropertyValueSpecification\",\"valueRequired\":true,\"valueName\":\"search_term_string\"}}],\"inLanguage\":\"ro-RO\"},{\"@type\":\"Organization\",\"@id\":\"https:\/\/www.mulmix.it\/ro\/#organization\",\"name\":\"Mulmix\",\"url\":\"https:\/\/www.mulmix.it\/ro\/\",\"logo\":{\"@type\":\"ImageObject\",\"inLanguage\":\"ro-RO\",\"@id\":\"https:\/\/www.mulmix.it\/ro\/#\/schema\/logo\/image\/\",\"url\":\"https:\/\/www.mulmix.it\/wp-content\/uploads\/2024\/07\/Raggruppa-596.svg\",\"contentUrl\":\"https:\/\/www.mulmix.it\/wp-content\/uploads\/2024\/07\/Raggruppa-596.svg\",\"width\":163,\"height\":71,\"caption\":\"Mulmix\"},\"image\":{\"@id\":\"https:\/\/www.mulmix.it\/ro\/#\/schema\/logo\/image\/\"}}]}<\/script>\n<!-- \/ Yoast SEO plugin. -->","yoast_head_json":{"title":"Instala\u021bii de depozitare personalizate - Mulmix","description":"Echipa Mulmix este gata s\u0103 ofere cele mai bune solu\u021bii pentru proiectarea, produc\u021bia \u0219i construc\u021bia instala\u021biilor de depozitare a cerealelor","robots":{"index":"index","follow":"follow","max-snippet":"max-snippet:-1","max-image-preview":"max-image-preview:large","max-video-preview":"max-video-preview:-1"},"canonical":"https:\/\/www.mulmix.it\/ro\/companie\/politica-companiei-si-codul-etic\/","og_locale":"ro_RO","og_type":"article","og_title":"Instala\u021bii de depozitare personalizate - Mulmix","og_description":"Echipa Mulmix este gata s\u0103 ofere cele mai bune solu\u021bii pentru proiectarea, produc\u021bia \u0219i construc\u021bia instala\u021biilor de depozitare a cerealelor","og_url":"https:\/\/www.mulmix.it\/ro\/companie\/politica-companiei-si-codul-etic\/","og_site_name":"Mulmix","article_modified_time":"2025-05-07T08:11:11+00:00","og_image":[{"width":1637,"height":500,"url":"https:\/\/www.mulmix.it\/wp-content\/uploads\/2024\/08\/Raggruppa-598.jpg","type":"image\/jpeg"}],"twitter_card":"summary_large_image","twitter_misc":{"Timp estimat pentru citire":"3 minute"},"schema":{"@context":"https:\/\/schema.org","@graph":[{"@type":"WebPage","@id":"https:\/\/www.mulmix.it\/ro\/companie\/politica-companiei-si-codul-etic\/","url":"https:\/\/www.mulmix.it\/ro\/companie\/politica-companiei-si-codul-etic\/","name":"Instala\u021bii de depozitare personalizate - Mulmix","isPartOf":{"@id":"https:\/\/www.mulmix.it\/ro\/#website"},"primaryImageOfPage":{"@id":"https:\/\/www.mulmix.it\/ro\/companie\/politica-companiei-si-codul-etic\/#primaryimage"},"image":{"@id":"https:\/\/www.mulmix.it\/ro\/companie\/politica-companiei-si-codul-etic\/#primaryimage"},"thumbnailUrl":"https:\/\/www.mulmix.it\/wp-content\/uploads\/2024\/08\/Raggruppa-598.jpg","datePublished":"2024-09-18T10:04:31+00:00","dateModified":"2025-05-07T08:11:11+00:00","description":"Echipa Mulmix este gata s\u0103 ofere cele mai bune solu\u021bii pentru proiectarea, produc\u021bia \u0219i construc\u021bia instala\u021biilor de depozitare a cerealelor","breadcrumb":{"@id":"https:\/\/www.mulmix.it\/ro\/companie\/politica-companiei-si-codul-etic\/#breadcrumb"},"inLanguage":"ro-RO","potentialAction":[{"@type":"ReadAction","target":["https:\/\/www.mulmix.it\/ro\/companie\/politica-companiei-si-codul-etic\/"]}]},{"@type":"ImageObject","inLanguage":"ro-RO","@id":"https:\/\/www.mulmix.it\/ro\/companie\/politica-companiei-si-codul-etic\/#primaryimage","url":"https:\/\/www.mulmix.it\/wp-content\/uploads\/2024\/08\/Raggruppa-598.jpg","contentUrl":"https:\/\/www.mulmix.it\/wp-content\/uploads\/2024\/08\/Raggruppa-598.jpg"},{"@type":"BreadcrumbList","@id":"https:\/\/www.mulmix.it\/ro\/companie\/politica-companiei-si-codul-etic\/#breadcrumb","itemListElement":[{"@type":"ListItem","position":1,"name":"Home","item":"https:\/\/www.mulmix.it\/ro\/"},{"@type":"ListItem","position":2,"name":"Companie","item":"https:\/\/www.mulmix.it\/ro\/companie\/"},{"@type":"ListItem","position":3,"name":"Politica companiei \u0219i codul etic"}]},{"@type":"WebSite","@id":"https:\/\/www.mulmix.it\/ro\/#website","url":"https:\/\/www.mulmix.it\/ro\/","name":"Mulmix","description":"","publisher":{"@id":"https:\/\/www.mulmix.it\/ro\/#organization"},"potentialAction":[{"@type":"SearchAction","target":{"@type":"EntryPoint","urlTemplate":"https:\/\/www.mulmix.it\/ro\/?s={search_term_string}"},"query-input":{"@type":"PropertyValueSpecification","valueRequired":true,"valueName":"search_term_string"}}],"inLanguage":"ro-RO"},{"@type":"Organization","@id":"https:\/\/www.mulmix.it\/ro\/#organization","name":"Mulmix","url":"https:\/\/www.mulmix.it\/ro\/","logo":{"@type":"ImageObject","inLanguage":"ro-RO","@id":"https:\/\/www.mulmix.it\/ro\/#\/schema\/logo\/image\/","url":"https:\/\/www.mulmix.it\/wp-content\/uploads\/2024\/07\/Raggruppa-596.svg","contentUrl":"https:\/\/www.mulmix.it\/wp-content\/uploads\/2024\/07\/Raggruppa-596.svg","width":163,"height":71,"caption":"Mulmix"},"image":{"@id":"https:\/\/www.mulmix.it\/ro\/#\/schema\/logo\/image\/"}}]}},"_links":{"self":[{"href":"https:\/\/www.mulmix.it\/ro\/wp-json\/wp\/v2\/pages\/5215","targetHints":{"allow":["GET"]}}],"collection":[{"href":"https:\/\/www.mulmix.it\/ro\/wp-json\/wp\/v2\/pages"}],"about":[{"href":"https:\/\/www.mulmix.it\/ro\/wp-json\/wp\/v2\/types\/page"}],"author":[{"embeddable":true,"href":"https:\/\/www.mulmix.it\/ro\/wp-json\/wp\/v2\/users\/5"}],"replies":[{"embeddable":true,"href":"https:\/\/www.mulmix.it\/ro\/wp-json\/wp\/v2\/comments?post=5215"}],"version-history":[{"count":4,"href":"https:\/\/www.mulmix.it\/ro\/wp-json\/wp\/v2\/pages\/5215\/revisions"}],"predecessor-version":[{"id":5219,"href":"https:\/\/www.mulmix.it\/ro\/wp-json\/wp\/v2\/pages\/5215\/revisions\/5219"}],"up":[{"embeddable":true,"href":"https:\/\/www.mulmix.it\/ro\/wp-json\/wp\/v2\/pages\/5184"}],"wp:attachment":[{"href":"https:\/\/www.mulmix.it\/ro\/wp-json\/wp\/v2\/media?parent=5215"}],"curies":[{"name":"wp","href":"https:\/\/api.w.org\/{rel}","templated":true}]}}